{"id":10893,"date":"2025-01-30T13:28:40","date_gmt":"2025-01-30T16:28:40","guid":{"rendered":"https:\/\/www.santaritadopassaquatro.sp.gov.br\/portal\/?page_id=10893"},"modified":"2025-01-31T10:20:33","modified_gmt":"2025-01-31T13:20:33","slug":"gestor-de-comunicacao","status":"publish","type":"page","link":"https:\/\/www.santaritadopassaquatro.sp.gov.br\/portal\/gestor-de-comunicacao\/","title":{"rendered":"<strong>GESTOR DE COMUNICA\u00c7\u00c3O<\/strong>"},"content":{"rendered":"\n<p class=\"has-text-align-center\"><strong>Jo\u00e3o V\u00edtor Silva Frutuoso<\/strong><\/p>\n\n\n\n<figure class=\"wp-block-image size-full is-resized\"><img decoding=\"async\" src=\"https:\/\/www.santaritadopassaquatro.sp.gov.br\/portal\/wp-content\/uploads\/2025\/01\/Joao-Frutuoso.jpg\" alt=\"\" class=\"wp-image-10894\" width=\"303\" height=\"379\"\/><\/figure>\n\n\n\n<p><\/p>\n\n\n\n<p><strong>Dados de Contato:<\/strong><\/p>\n\n\n\n<p><strong>E-mail: <\/strong><a href=\"mailto:imprensa@santaritadopassaquatro.sp.gov.br\"><strong>imprensa@santaritadopassaquatro.sp.gov.br<\/strong><\/a><strong><\/strong><\/p>\n\n\n\n<p><strong>Telefone: (19) 3582-9028<\/strong><\/p>\n\n\n\n<p><strong>Endere\u00e7o: <\/strong>Rua Victor Meirelles, 89 &#8211; Centro &#8211; Santa Rita do Passa Quatro \u2013 SP<\/p>\n","protected":false},"excerpt":{"rendered":"<p>Jo\u00e3o V\u00edtor Silva Frutuoso Dados de Contato: E-mail: imprensa@santaritadopassaquatro.sp.gov.br Telefone: (19) 3582-9028 Endere\u00e7o: Rua Victor Meirelles, 89 &#8211; Centro &#8211;<\/p>\n","protected":false},"author":1,"featured_media":0,"parent":0,"menu_order":0,"comment_status":"closed","ping_status":"closed","template":"","meta":{"footnotes":""},"class_list":["post-10893","page","type-page","status-publish","hentry"],"_links":{"self":[{"href":"https:\/\/www.santaritadopassaquatro.sp.gov.br\/portal\/wp-json\/wp\/v2\/pages\/10893","targetHints":{"allow":["GET"]}}],"collection":[{"href":"https:\/\/www.santaritadopassaquatro.sp.gov.br\/portal\/wp-json\/wp\/v2\/pages"}],"about":[{"href":"https:\/\/www.santaritadopassaquatro.sp.gov.br\/portal\/wp-json\/wp\/v2\/types\/page"}],"author":[{"embeddable":true,"href":"https:\/\/www.santaritadopassaquatro.sp.gov.br\/portal\/wp-json\/wp\/v2\/users\/1"}],"replies":[{"embeddable":true,"href":"https:\/\/www.santaritadopassaquatro.sp.gov.br\/portal\/wp-json\/wp\/v2\/comments?post=10893"}],"version-history":[{"count":2,"href":"https:\/\/www.santaritadopassaquatro.sp.gov.br\/portal\/wp-json\/wp\/v2\/pages\/10893\/revisions"}],"predecessor-version":[{"id":10988,"href":"https:\/\/www.santaritadopassaquatro.sp.gov.br\/portal\/wp-json\/wp\/v2\/pages\/10893\/revisions\/10988"}],"wp:attachment":[{"href":"https:\/\/www.santaritadopassaquatro.sp.gov.br\/portal\/wp-json\/wp\/v2\/media?parent=10893"}],"curies":[{"name":"wp","href":"https:\/\/api.w.org\/{rel}","templated":true}]}}