{"id":10909,"date":"2025-01-30T14:08:13","date_gmt":"2025-01-30T17:08:13","guid":{"rendered":"https:\/\/www.santaritadopassaquatro.sp.gov.br\/portal\/?page_id=10909"},"modified":"2025-01-30T14:08:15","modified_gmt":"2025-01-30T17:08:15","slug":"diretor-do-departamento-de-agricultura-e-meio-ambiente","status":"publish","type":"page","link":"https:\/\/www.santaritadopassaquatro.sp.gov.br\/portal\/diretor-do-departamento-de-agricultura-e-meio-ambiente\/","title":{"rendered":"<strong>DIRETOR DO DEPARTAMENTO DE AGRICULTURA E MEIO AMBIENTE<\/strong>"},"content":{"rendered":"\n<p class=\"has-text-align-center\"><strong>Arthur Augusto Costa Roque<\/strong><\/p>\n\n\n\n<figure class=\"wp-block-image size-full is-resized\"><img decoding=\"async\" src=\"https:\/\/www.santaritadopassaquatro.sp.gov.br\/portal\/wp-content\/uploads\/2025\/01\/Arthur.jpg\" alt=\"\" class=\"wp-image-10910\" width=\"303\" height=\"379\"\/><\/figure>\n\n\n\n<p><strong>Dados de Contato:<\/strong><\/p>\n\n\n\n<p><strong>E-mail: <\/strong><a href=\"mailto:meioambiente@santaritadopassaquatro.sp.gov.br\"><strong>meioambiente@santaritadopassaquatro.sp.gov.br<\/strong><\/a><strong><\/strong><\/p>\n\n\n\n<p><strong>Telefone: (19) 3582-9007<\/strong><\/p>\n\n\n\n<p><strong>Endere\u00e7o: <\/strong>Rua Jos\u00e9 Bonif\u00e1cio, 23 &#8211; Centro &#8211; Santa Rita do Passa Quatro \u2013 SP<\/p>\n","protected":false},"excerpt":{"rendered":"<p>Arthur Augusto Costa Roque Dados de Contato: E-mail: meioambiente@santaritadopassaquatro.sp.gov.br Telefone: (19) 3582-9007 Endere\u00e7o: Rua Jos\u00e9 Bonif\u00e1cio, 23 &#8211; Centro &#8211;<\/p>\n","protected":false},"author":1,"featured_media":0,"parent":0,"menu_order":0,"comment_status":"closed","ping_status":"closed","template":"","meta":{"footnotes":""},"class_list":["post-10909","page","type-page","status-publish","hentry"],"_links":{"self":[{"href":"https:\/\/www.santaritadopassaquatro.sp.gov.br\/portal\/wp-json\/wp\/v2\/pages\/10909","targetHints":{"allow":["GET"]}}],"collection":[{"href":"https:\/\/www.santaritadopassaquatro.sp.gov.br\/portal\/wp-json\/wp\/v2\/pages"}],"about":[{"href":"https:\/\/www.santaritadopassaquatro.sp.gov.br\/portal\/wp-json\/wp\/v2\/types\/page"}],"author":[{"embeddable":true,"href":"https:\/\/www.santaritadopassaquatro.sp.gov.br\/portal\/wp-json\/wp\/v2\/users\/1"}],"replies":[{"embeddable":true,"href":"https:\/\/www.santaritadopassaquatro.sp.gov.br\/portal\/wp-json\/wp\/v2\/comments?post=10909"}],"version-history":[{"count":1,"href":"https:\/\/www.santaritadopassaquatro.sp.gov.br\/portal\/wp-json\/wp\/v2\/pages\/10909\/revisions"}],"predecessor-version":[{"id":10911,"href":"https:\/\/www.santaritadopassaquatro.sp.gov.br\/portal\/wp-json\/wp\/v2\/pages\/10909\/revisions\/10911"}],"wp:attachment":[{"href":"https:\/\/www.santaritadopassaquatro.sp.gov.br\/portal\/wp-json\/wp\/v2\/media?parent=10909"}],"curies":[{"name":"wp","href":"https:\/\/api.w.org\/{rel}","templated":true}]}}