{"id":12258,"date":"2025-06-20T14:51:01","date_gmt":"2025-06-20T17:51:01","guid":{"rendered":"http:\/\/www.santaritadopassaquatro.sp.gov.br\/portal\/?page_id=12258"},"modified":"2025-06-21T11:40:13","modified_gmt":"2025-06-21T14:40:13","slug":"carta-de-servicos","status":"publish","type":"page","link":"https:\/\/www.santaritadopassaquatro.sp.gov.br\/portal\/carta-de-servicos\/","title":{"rendered":"Carta de Servi\u00e7os"},"content":{"rendered":"\t\t<div data-elementor-type=\"wp-page\" data-elementor-id=\"12258\" class=\"elementor elementor-12258\">\n\t\t\t\t\t\t\t\t\t<section class=\"elementor-section elementor-top-section elementor-element elementor-element-ace4a2a elementor-section-boxed elementor-section-height-default elementor-section-height-default exad-glass-effect-no jltma-glass-effect-no exad-sticky-section-no\" data-id=\"ace4a2a\" data-element_type=\"section\">\n\t\t\t\t\t\t<div class=\"elementor-container elementor-column-gap-default\">\n\t\t\t\t\t<div class=\"elementor-column elementor-col-100 elementor-top-column elementor-element elementor-element-195dfa3 exad-glass-effect-no jltma-glass-effect-no exad-sticky-section-no\" data-id=\"195dfa3\" data-element_type=\"column\">\n\t\t\t<div class=\"elementor-widget-wrap elementor-element-populated\">\n\t\t\t\t\t\t\t\t<div class=\"elementor-element elementor-element-313f1e8 exad-sticky-section-yes elementor-widget__width-auto jltma-glass-effect-no exad-glass-effect-no elementor-widget elementor-widget-wpfd_choose_category\" data-id=\"313f1e8\" data-element_type=\"widget\" data-settings=\"{&quot;exad_sticky_top_spacing&quot;:20}\" data-widget_type=\"wpfd_choose_category.default\">\n\t\t\t\t<div class=\"elementor-widget-container\">\n\t\t\t<div id=\"wpfd-elementor-category\" class=\"wpfd-elementor-category\"><script type=\"text\/x-handlebars-template\" id=\"wpfd-template-tree-box\">    {{#with file}}    <div class=\"dropblock\">        <a href=\"javascript:void(0)\" class=\"wpfd-close\"><\/a>        <div class=\"filecontent\">            {{#if file_custom_icon}}                    <div class=\"icon-custom\"><img decoding=\"async\" src=\"{{file_custom_icon}}\" \/><\/div>                    {{else}}                    <div class=\"ext ext-{{ext}} wpfd-icon-set-png\"><span class=\"txt\">{{ext}}<\/span><\/div>                    {{\/if}}<h3><a href=\"{{linkdownload}}\"   class=\"wpfd_downloadlink\" title=\"{{post_title}}\" target=\"{{#if remote_file}}_blank{{\/if}}\">{{{crop_title}}}<\/a><\/h3>            <div class=\"wpfd-extra\">                {{#if description}}<div class=\"file-desc\">{{{description}}}<\/div>{{\/if}}{{#if versionNumber}}<div class=\"file-version\"><span>Vers\u00e3o:<\/span> {{versionNumber}}<\/div>{{\/if}}<div class=\"file-size\"><span>Tamanho:<\/span> {{bytesToSize size}}<\/div><div class=\"file-hits\"><span>Hits:<\/span> {{hits}}<\/div><div class=\"file-dated\"><span>Data de adi\u00e7\u00e3o:<\/span> {{created}}<\/div>            <\/div>        <\/div>        <div class=\"extra-downloadlink\"><a class=\"downloadlink wpfd_downloadlink\"  href=\"{{linkdownload}}\"  style=\"background-color:#76bc58;color:#ffffff;\" target=\"{{#if remote_file}}_blank{{\/if}}\">Baixar<i class=\"zmdi zmdi-cloud-download wpfd-download\"><\/i><\/a>{{#if openpdflink}}{{else}}{{\/if}}<\/div>    {{\/with}}<\/script>    <script type=\"text\/x-handlebars-template\" id=\"wpfd-template-tree-categories\">        {{#if categories}}        {{#each categories}}        <li class=\"directory collapsed\">            <a class=\"catlink\" href=\"#\" data-idcat=\"{{termID}}\">                <div class=\"icon-open-close\" data-id=\"{{termID}}\"><\/div>                <i class=\"zmdi zmdi-folder wpfd-folder\" style=\"color: {{color}}\"><\/i>                <span>{{name}}<\/span>            <\/a>        <\/li>        {{\/each}}        {{\/if}}    <\/script><script type=\"text\/x-handlebars-template\" id=\"wpfd-template-tree-files\">    {{#if files}}    {{#each files}}    <li class=\"ext {{ext}}\">                    {{#if file_custom_icon}}            <span class=\"wpfd-file ext icon-custom\"><img decoding=\"async\" src=\"{{file_custom_icon}}\"><\/span>            {{else}}            <i class=\"wpfd-file ext ext-{{ext}} wpfd-icon-set-png\"><\/i>            {{\/if}}                                    <a class=\"wpfd-file-link\" data-category_id=\"{{catid}}\" href=\"#\" data-id=\"{{ID}}\"               title=\"{{post_title}}\">{{{crop_title}}}<\/a>            <\/li>    {{\/each}}    <\/div>    {{\/if}}<\/script><div class=\"wpfd-content wpfd-content-tree wpfd-content-multi\" data-category=\"158\"             style=\"background-color: rgba(255, 255, 255, 0)\"><input type=\"hidden\" id=\"current_category_158\" value=\"158\" \/>                    <input type=\"hidden\" id=\"current_category_slug_158\" value=\"carta-de-servicos\" \/>                    <input type=\"hidden\" id=\"current_ordering_158\" value=\"title\" \/>                    <input type=\"hidden\" id=\"current_ordering_direction_158\" value=\"desc\" \/>                    <input type=\"hidden\" id=\"page_limit_158\" value=\"100\" \/><input type=\"hidden\" id=\"wpfd_display_empty_category_message\" value=\"0\" \/><input type=\"hidden\" id=\"wpfd_empty_category_message_val\" value=\"Esta categoria de arquivo n\u00e3o tem arquivos para exibir\" \/><input type=\"hidden\" id=\"wpfd_display_empty_folder\" value=\"0\" \/><input type=\"hidden\" id=\"wpfd_is_empty_subcategories\" value=\"1\" \/><input type=\"hidden\" id=\"wpfd_is_empty_files\" value=\"1\" \/><input type=\"hidden\" id=\"wpfd_root_category_id\" class=\"wpfd_root_category_id\" value=\"158\" \/><input type=\"hidden\" id=\"wpfd_root_category_theme\" class=\"wpfd_root_category_theme\" value=\"tree\" \/><input type=\"hidden\" id=\"wpfd_root_category_clone_theme_type\" class=\"wpfd_root_category_clone_theme_type\" value=\"none\" \/><input type=\"hidden\" id=\"wpfd_root_category_type\" class=\"wpfd_root_category_type\" value=\"158\" \/><h2 class=\"wpfd-category-theme-title\">Carta de Servi\u00e7os<\/h2><ul class=\"wpfd-tree-categories-files\">                                                        <li class=\"directory collapsed\">                    <a class=\"catlink\" href=\"#\" data-idcat=\"172\">                        <div class=\"icon-open-close\" data-id=\"172\"><\/div>                        <i class=\"zmdi zmdi-folder wpfd-folder\" style=\"color: #b2b2b2\"><\/i>                        <span>ADMINISTRA\u00c7\u00c3O<\/span>                    <\/a>                <\/li>                                            <li class=\"directory collapsed\">                    <a class=\"catlink\" href=\"#\" data-idcat=\"170\">                        <div class=\"icon-open-close\" data-id=\"170\"><\/div>                        <i class=\"zmdi zmdi-folder wpfd-folder\" style=\"color: #b2b2b2\"><\/i>                        <span>CULTURA E TURISMO<\/span>                    <\/a>                <\/li>                                            <li class=\"directory collapsed\">                    <a class=\"catlink\" href=\"#\" data-idcat=\"171\">                        <div class=\"icon-open-close\" data-id=\"171\"><\/div>                        <i class=\"zmdi zmdi-folder wpfd-folder\" style=\"color: #b2b2b2\"><\/i>                        <span>ALVAR\u00c1S E LICEN\u00c7AS<\/span>                    <\/a>                <\/li>                                            <li class=\"directory collapsed\">                    <a class=\"catlink\" href=\"#\" data-idcat=\"168\">                        <div class=\"icon-open-close\" data-id=\"168\"><\/div>                        <i class=\"zmdi zmdi-folder wpfd-folder\" style=\"color: #b2b2b2\"><\/i>                        <span>EDUCA\u00c7\u00c3O<\/span>                    <\/a>                <\/li>                                            <li class=\"directory collapsed\">                    <a class=\"catlink\" href=\"#\" data-idcat=\"169\">                        <div class=\"icon-open-close\" data-id=\"169\"><\/div>                        <i class=\"zmdi zmdi-folder wpfd-folder\" style=\"color: #b2b2b2\"><\/i>                        <span>DESENVOLVIMENTO ECON\u00d4MICO<\/span>                    <\/a>                <\/li>                                            <li class=\"directory collapsed\">                    <a class=\"catlink\" href=\"#\" data-idcat=\"166\">                        <div class=\"icon-open-close\" data-id=\"166\"><\/div>                        <i class=\"zmdi zmdi-folder wpfd-folder\" style=\"color: #b2b2b2\"><\/i>                        <span>FUNDO SOCIAL DE SOLIDARIEDADE<\/span>                    <\/a>                <\/li>                                            <li class=\"directory collapsed\">                    <a class=\"catlink\" href=\"#\" data-idcat=\"167\">                        <div class=\"icon-open-close\" data-id=\"167\"><\/div>                        <i class=\"zmdi zmdi-folder wpfd-folder\" style=\"color: #b2b2b2\"><\/i>                        <span>ESPORTE E LAZER<\/span>                    <\/a>                <\/li>                                            <li class=\"directory collapsed\">                    <a class=\"catlink\" href=\"#\" data-idcat=\"164\">                        <div class=\"icon-open-close\" data-id=\"164\"><\/div>                        <i class=\"zmdi zmdi-folder wpfd-folder\" style=\"color: #b2b2b2\"><\/i>                        <span>MEIO AMBIENTE<\/span>                    <\/a>                <\/li>                                            <li class=\"directory collapsed\">                    <a class=\"catlink\" href=\"#\" data-idcat=\"165\">                        <div class=\"icon-open-close\" data-id=\"165\"><\/div>                        <i class=\"zmdi zmdi-folder wpfd-folder\" style=\"color: #b2b2b2\"><\/i>                        <span>IMPOSTOS E TAXAS<\/span>                    <\/a>                <\/li>                                            <li class=\"directory collapsed\">                    <a class=\"catlink\" href=\"#\" data-idcat=\"163\">                        <div class=\"icon-open-close\" data-id=\"163\"><\/div>                        <i class=\"zmdi zmdi-folder wpfd-folder\" style=\"color: #b2b2b2\"><\/i>                        <span>OBRAS E INFRAESTRUTURA<\/span>                    <\/a>                <\/li>                                            <li class=\"directory collapsed\">                    <a class=\"catlink\" href=\"#\" data-idcat=\"162\">                        <div class=\"icon-open-close\" data-id=\"162\"><\/div>                        <i class=\"zmdi zmdi-folder wpfd-folder\" style=\"color: #b2b2b2\"><\/i>                        <span>SA\u00daDE<\/span>                    <\/a>                <\/li>                                            <li class=\"directory collapsed\">                    <a class=\"catlink\" href=\"#\" data-idcat=\"161\">                        <div class=\"icon-open-close\" data-id=\"161\"><\/div>                        <i class=\"zmdi zmdi-folder wpfd-folder\" style=\"color: #b2b2b2\"><\/i>                        <span>SERVI\u00c7OS MUNICIPAIS<\/span>                    <\/a>                <\/li>                                            <li class=\"directory collapsed\">                    <a class=\"catlink\" href=\"#\" data-idcat=\"160\">                        <div class=\"icon-open-close\" data-id=\"160\"><\/div>                        <i class=\"zmdi zmdi-folder wpfd-folder\" style=\"color: #b2b2b2\"><\/i>                        <span>TERCEIRO SETOR<\/span>                    <\/a>                <\/li>                                            <li class=\"directory collapsed\">                    <a class=\"catlink\" href=\"#\" data-idcat=\"159\">                        <div class=\"icon-open-close\" data-id=\"159\"><\/div>                        <i class=\"zmdi zmdi-folder wpfd-folder\" style=\"color: #b2b2b2\"><\/i>                        <span>TR\u00c2NSITO<\/span>                    <\/a>                <\/li>                            <\/ul><\/div><\/div>\t\t<\/div>\n\t\t\t\t<\/div>\n\t\t\t\t\t<\/div>\n\t\t<\/div>\n\t\t\t\t\t\t\t<\/div>\n\t\t<\/section>\n\t\t\t\t\t\t\t<\/div>\n\t\t","protected":false},"excerpt":{"rendered":"<p>Carta de Servi\u00e7os Carta de Servi\u00e7os ADMINISTRA\u00c7\u00c3O CULTURA E TURISMO ALVAR\u00c1S E LICEN\u00c7AS EDUCA\u00c7\u00c3O DESENVOLVIMENTO ECON\u00d4MICO FUNDO SOCIAL DE SOLIDARIEDADE<\/p>\n","protected":false},"author":1,"featured_media":0,"parent":0,"menu_order":0,"comment_status":"closed","ping_status":"closed","template":"elementor_header_footer","meta":{"footnotes":""},"class_list":["post-12258","page","type-page","status-publish","hentry"],"_links":{"self":[{"href":"https:\/\/www.santaritadopassaquatro.sp.gov.br\/portal\/wp-json\/wp\/v2\/pages\/12258","targetHints":{"allow":["GET"]}}],"collection":[{"href":"https:\/\/www.santaritadopassaquatro.sp.gov.br\/portal\/wp-json\/wp\/v2\/pages"}],"about":[{"href":"https:\/\/www.santaritadopassaquatro.sp.gov.br\/portal\/wp-json\/wp\/v2\/types\/page"}],"author":[{"embeddable":true,"href":"https:\/\/www.santaritadopassaquatro.sp.gov.br\/portal\/wp-json\/wp\/v2\/users\/1"}],"replies":[{"embeddable":true,"href":"https:\/\/www.santaritadopassaquatro.sp.gov.br\/portal\/wp-json\/wp\/v2\/comments?post=12258"}],"version-history":[{"count":13,"href":"https:\/\/www.santaritadopassaquatro.sp.gov.br\/portal\/wp-json\/wp\/v2\/pages\/12258\/revisions"}],"predecessor-version":[{"id":12489,"href":"https:\/\/www.santaritadopassaquatro.sp.gov.br\/portal\/wp-json\/wp\/v2\/pages\/12258\/revisions\/12489"}],"wp:attachment":[{"href":"https:\/\/www.santaritadopassaquatro.sp.gov.br\/portal\/wp-json\/wp\/v2\/media?parent=12258"}],"curies":[{"name":"wp","href":"https:\/\/api.w.org\/{rel}","templated":true}]}}