{"id":13128,"date":"2025-10-06T15:17:31","date_gmt":"2025-10-06T18:17:31","guid":{"rendered":"https:\/\/www.santaritadopassaquatro.sp.gov.br\/portal\/?page_id=13128"},"modified":"2025-11-14T16:31:03","modified_gmt":"2025-11-14T19:31:03","slug":"festival-tico-tico-de-musica-brasileira-2025","status":"publish","type":"page","link":"https:\/\/www.santaritadopassaquatro.sp.gov.br\/portal\/festival-tico-tico-de-musica-brasileira-2025\/","title":{"rendered":"FESTIVAL TICO-TICO DE M\u00daSICA BRASILEIRA 2025"},"content":{"rendered":"\n<hr class=\"wp-block-separator has-alpha-channel-opacity\"\/>\n\n\n\n<p><strong>A Prefeitura Municipal de Santa Rita do Passa Quatro anuncia o lan\u00e7amento do Edital do Festival Tico-Tico de M\u00fasica Brasileira 2025!<\/strong><\/p>\n\n\n\n<div style=\"height:45px\" aria-hidden=\"true\" class=\"wp-block-spacer\"><\/div>\n\n\n\n<p>Quando acontece: 21, 22 e 23 de novembro de 2025<br>Local: Centro Cultural Governador M\u00e1rio Covas<br>Inscri\u00e7\u00f5es gratuitas: de 06 a 31 de outubro de 2025 pelo formul\u00e1rio: <a href=\"https:\/\/forms.gle\/fEYT7DjaKaP4HgKj9\">https:\/\/forms.gle\/fEYT7DjaKaP4HgKj9<\/a><br>Quem pode participar: artistas e compositores de todo o Brasil!<\/p>\n\n\n\n<div style=\"height:33px\" aria-hidden=\"true\" class=\"wp-block-spacer\"><\/div>\n\n\n\n<p>O festival busca valorizar a m\u00fasica autoral brasileira, revelar novos talentos e homenagear o ilustre santa-ritense Zequinha de Abreu, criador do cl\u00e1ssico \u201cTico-Tico no Fub\u00e1\u201d.<\/p>\n\n\n\n<div style=\"height:33px\" aria-hidden=\"true\" class=\"wp-block-spacer\"><\/div>\n\n\n\n<p><strong>Premia\u00e7\u00e3o:<\/strong><br>1\u00ba lugar \u2013 R$ 6.000,00<br>2\u00ba lugar \u2013 R$ 3.000,00<br>3\u00ba lugar \u2013 R$ 2.000,00<\/p>\n\n\n\n<div style=\"height:33px\" aria-hidden=\"true\" class=\"wp-block-spacer\"><\/div>\n\n\n\n<p>\ud83d\udce2 Em caso de d\u00favidas:<br><a rel=\"noreferrer noopener\" href=\"mailto:cultura@santaritadopassaquatro.sp.gov.br\" target=\"_blank\">cultura@santaritadopassaquatro.sp.gov.br<\/a>\/ (19) 3584-5974 (Falar com Igor Martins Lima)<\/p>\n\n\n\n<div style=\"height:33px\" aria-hidden=\"true\" class=\"wp-block-spacer\"><\/div>\n\n\n\n<div data-wp-interactive=\"core\/file\" class=\"wp-block-file\"><object data-wp-bind--hidden=\"!state.hasPdfPreview\" hidden class=\"wp-block-file__embed\" data=\"https:\/\/www.santaritadopassaquatro.sp.gov.br\/portal\/wp-content\/uploads\/2025\/10\/Edital-Festival-Tico-Tico-de-Musica-Brasileira-1.pdf\" type=\"application\/pdf\" style=\"width:100%;height:600px\" aria-label=\"Incorporado de Edital-Festival-Tico-Tico-de-Musica-Brasileira-1.\"><\/object><a id=\"wp-block-file--media-10d968e0-d05e-4c8c-9073-89d6dc77f5dc\" href=\"https:\/\/www.santaritadopassaquatro.sp.gov.br\/portal\/wp-content\/uploads\/2025\/10\/Edital-Festival-Tico-Tico-de-Musica-Brasileira-1.pdf\">Edital-Festival-Tico-Tico-de-Musica-Brasileira-1<\/a><a href=\"https:\/\/www.santaritadopassaquatro.sp.gov.br\/portal\/wp-content\/uploads\/2025\/10\/Edital-Festival-Tico-Tico-de-Musica-Brasileira-1.pdf\" class=\"wp-block-file__button wp-element-button\" download aria-describedby=\"wp-block-file--media-10d968e0-d05e-4c8c-9073-89d6dc77f5dc\">Baixar<\/a><\/div>\n\n\n\n<div data-wp-interactive=\"core\/file\" class=\"wp-block-file\"><object data-wp-bind--hidden=\"!state.hasPdfPreview\" hidden class=\"wp-block-file__embed\" data=\"https:\/\/www.santaritadopassaquatro.sp.gov.br\/portal\/wp-content\/uploads\/2025\/11\/Semifinalistas-Festival-Tico-Tico-2025.pdf\" type=\"application\/pdf\" style=\"width:100%;height:600px\" aria-label=\"Incorporado de Semifinalistas-Festival-Tico-Tico-2025.\"><\/object><a id=\"wp-block-file--media-6dcec133-2469-459d-b6d2-c090dbc8e672\" href=\"https:\/\/www.santaritadopassaquatro.sp.gov.br\/portal\/wp-content\/uploads\/2025\/11\/Semifinalistas-Festival-Tico-Tico-2025.pdf\">Semifinalistas-Festival-Tico-Tico-2025<\/a><a href=\"https:\/\/www.santaritadopassaquatro.sp.gov.br\/portal\/wp-content\/uploads\/2025\/11\/Semifinalistas-Festival-Tico-Tico-2025.pdf\" class=\"wp-block-file__button wp-element-button\" download aria-describedby=\"wp-block-file--media-6dcec133-2469-459d-b6d2-c090dbc8e672\">Baixar<\/a><\/div>\n\n\n\n<div data-wp-interactive=\"core\/file\" class=\"wp-block-file\"><object data-wp-bind--hidden=\"!state.hasPdfPreview\" hidden class=\"wp-block-file__embed\" data=\"https:\/\/www.santaritadopassaquatro.sp.gov.br\/portal\/wp-content\/uploads\/2025\/11\/ATA-DE-REUNIAO-CLASSIFICACAO-FESTIVAL-TICO-TICO-13.11.2025.pdf\" type=\"application\/pdf\" style=\"width:100%;height:600px\" aria-label=\"Incorporado de ATA-DE-REUNIAO-CLASSIFICACAO-FESTIVAL-TICO-TICO-13.11.2025.\"><\/object><a id=\"wp-block-file--media-03f775f8-5f6d-421e-be53-db4076be3707\" href=\"https:\/\/www.santaritadopassaquatro.sp.gov.br\/portal\/wp-content\/uploads\/2025\/11\/ATA-DE-REUNIAO-CLASSIFICACAO-FESTIVAL-TICO-TICO-13.11.2025.pdf\">ATA-DE-REUNIAO-CLASSIFICACAO-FESTIVAL-TICO-TICO-13.11.2025<\/a><a href=\"https:\/\/www.santaritadopassaquatro.sp.gov.br\/portal\/wp-content\/uploads\/2025\/11\/ATA-DE-REUNIAO-CLASSIFICACAO-FESTIVAL-TICO-TICO-13.11.2025.pdf\" class=\"wp-block-file__button wp-element-button\" download aria-describedby=\"wp-block-file--media-03f775f8-5f6d-421e-be53-db4076be3707\">Baixar<\/a><\/div>\n\n\n\n<div data-wp-interactive=\"core\/file\" class=\"wp-block-file\"><object data-wp-bind--hidden=\"!state.hasPdfPreview\" hidden class=\"wp-block-file__embed\" data=\"https:\/\/www.santaritadopassaquatro.sp.gov.br\/portal\/wp-content\/uploads\/2025\/11\/FESTIVAL-TICO-TICO-CLASSIFICACAO-FINAL.pdf\" type=\"application\/pdf\" style=\"width:100%;height:600px\" aria-label=\"Incorporado de FESTIVAL-TICO-TICO-CLASSIFICACAO-FINAL.\"><\/object><a id=\"wp-block-file--media-6591f283-5b0c-44cd-b351-ed884a3f9840\" href=\"https:\/\/www.santaritadopassaquatro.sp.gov.br\/portal\/wp-content\/uploads\/2025\/11\/FESTIVAL-TICO-TICO-CLASSIFICACAO-FINAL.pdf\">FESTIVAL-TICO-TICO-CLASSIFICACAO-FINAL<\/a><a href=\"https:\/\/www.santaritadopassaquatro.sp.gov.br\/portal\/wp-content\/uploads\/2025\/11\/FESTIVAL-TICO-TICO-CLASSIFICACAO-FINAL.pdf\" class=\"wp-block-file__button wp-element-button\" download aria-describedby=\"wp-block-file--media-6591f283-5b0c-44cd-b351-ed884a3f9840\">Baixar<\/a><\/div>\n","protected":false},"excerpt":{"rendered":"<p>A Prefeitura Municipal de Santa Rita do Passa Quatro anuncia o lan\u00e7amento do Edital do Festival Tico-Tico de M\u00fasica Brasileira<\/p>\n","protected":false},"author":1,"featured_media":13139,"parent":0,"menu_order":0,"comment_status":"closed","ping_status":"closed","template":"","meta":{"footnotes":""},"class_list":["post-13128","page","type-page","status-publish","has-post-thumbnail","hentry"],"_links":{"self":[{"href":"https:\/\/www.santaritadopassaquatro.sp.gov.br\/portal\/wp-json\/wp\/v2\/pages\/13128","targetHints":{"allow":["GET"]}}],"collection":[{"href":"https:\/\/www.santaritadopassaquatro.sp.gov.br\/portal\/wp-json\/wp\/v2\/pages"}],"about":[{"href":"https:\/\/www.santaritadopassaquatro.sp.gov.br\/portal\/wp-json\/wp\/v2\/types\/page"}],"author":[{"embeddable":true,"href":"https:\/\/www.santaritadopassaquatro.sp.gov.br\/portal\/wp-json\/wp\/v2\/users\/1"}],"replies":[{"embeddable":true,"href":"https:\/\/www.santaritadopassaquatro.sp.gov.br\/portal\/wp-json\/wp\/v2\/comments?post=13128"}],"version-history":[{"count":8,"href":"https:\/\/www.santaritadopassaquatro.sp.gov.br\/portal\/wp-json\/wp\/v2\/pages\/13128\/revisions"}],"predecessor-version":[{"id":13263,"href":"https:\/\/www.santaritadopassaquatro.sp.gov.br\/portal\/wp-json\/wp\/v2\/pages\/13128\/revisions\/13263"}],"wp:featuredmedia":[{"embeddable":true,"href":"https:\/\/www.santaritadopassaquatro.sp.gov.br\/portal\/wp-json\/wp\/v2\/media\/13139"}],"wp:attachment":[{"href":"https:\/\/www.santaritadopassaquatro.sp.gov.br\/portal\/wp-json\/wp\/v2\/media?parent=13128"}],"curies":[{"name":"wp","href":"https:\/\/api.w.org\/{rel}","templated":true}]}}