{"id":3813,"date":"2020-05-21T19:20:30","date_gmt":"2020-05-21T22:20:30","guid":{"rendered":"http:\/\/www.santaritadopassaquatro.sp.gov.br\/portal\/?page_id=3813"},"modified":"2020-09-21T10:52:09","modified_gmt":"2020-09-21T13:52:09","slug":"prestacao-de-contas-1o-quadrimeste-2020","status":"publish","type":"page","link":"https:\/\/www.santaritadopassaquatro.sp.gov.br\/portal\/prestacao-de-contas-1o-quadrimeste-2020\/","title":{"rendered":"PRESTA\u00c7\u00c3O DE CONTAS \u2013 2\u00ba QUADRIMESTE 2020"},"content":{"rendered":"<p>A cada quatro meses, a popula\u00e7\u00e3o de Santa Rita do Passa Quatro \u00e9 convidada a participar de audi\u00eancia p\u00fablica presencial de presta\u00e7\u00e3o de contas quanto aos investimentos em sa\u00fade durante o interregno. No atual per\u00edodo, por\u00e9m, em decorr\u00eancia das medidas de enfrentamento \u00e0 Covid-19 (novo coronav\u00edrus), a audi\u00eancia p\u00fablica est\u00e1 sendo realizada de forma eletr\u00f4nica.<\/p>\n<p>A consulta p\u00fablica tem como objetivo apresentar para a popula\u00e7\u00e3o todos os investimentos gerados durante o quadrimestre no setor de sa\u00fade. Ap\u00f3s conferir os relat\u00f3rios, o contribuinte poder\u00e1 preencher um formul\u00e1rio com seus questionamentos, que ser\u00e3o respondidos dentro dos prazos legais.<\/p>\n<p>A presta\u00e7\u00e3o de contas atende ao Artigo 36 da Lei Complementar 141\/2012, que disp\u00f5e sobre os valores m\u00ednimos a serem aplicados, anualmente, pela Uni\u00e3o, Estados, Distrito Federal e Munic\u00edpios em a\u00e7\u00f5es e servi\u00e7os p\u00fablicos de sa\u00fade; estabelece os crit\u00e9rios de rateio dos recursos de transfer\u00eancias para a Sa\u00fade e as normas de fiscaliza\u00e7\u00e3o, avalia\u00e7\u00e3o e controle das despesas com sa\u00fade nas tr\u00eas esferas de governo. De acordo com a Constitui\u00e7\u00e3o Federal, os munic\u00edpios devem aplicar, no m\u00ednimo, 15% de sua receita tribut\u00e1ria em sa\u00fade p\u00fablica.<\/p>\n<p>&nbsp;<\/p>\n<p>FORMUL\u00c1RIO<\/p>\n<p>(todos os campos s\u00e3o de preenchimento obrigat\u00f3rio).<\/p>\n<p>&nbsp;<\/p>\n<div role=\"form\" class=\"wpcf7\" id=\"wpcf7-f3819-o1\" lang=\"pt-BR\" dir=\"ltr\">\n<div class=\"screen-reader-response\"><\/div>\n<form action=\"\/portal\/wp-json\/wp\/v2\/pages\/3813#wpcf7-f3819-o1\" method=\"post\" class=\"wpcf7-form\" novalidate=\"novalidate\">\n<div style=\"display: none;\">\n<input type=\"hidden\" name=\"_wpcf7\" value=\"3819\" \/>\n<input type=\"hidden\" name=\"_wpcf7_version\" value=\"5.1.7\" \/>\n<input type=\"hidden\" name=\"_wpcf7_locale\" value=\"pt_BR\" \/>\n<input type=\"hidden\" name=\"_wpcf7_unit_tag\" value=\"wpcf7-f3819-o1\" \/>\n<input type=\"hidden\" name=\"_wpcf7_container_post\" value=\"0\" \/>\n<input type=\"hidden\" name=\"g-recaptcha-response\" value=\"\" \/>\n<\/div>\n<p><label> NOME COMPLETO<br \/>\n    <span class=\"wpcf7-form-control-wrap your-name\"><input type=\"text\" name=\"your-name\" value=\"\" size=\"40\" class=\"wpcf7-form-control wpcf7-text wpcf7-validates-as-required\" aria-required=\"true\" aria-invalid=\"false\" \/><\/span> <\/label><\/p>\n<p><label> ENDERE\u00c7O<br \/>\n    <span class=\"wpcf7-form-control-wrap your-endereco\"><input type=\"text\" name=\"your-endereco\" value=\"\" size=\"40\" class=\"wpcf7-form-control wpcf7-text wpcf7-validates-as-required\" aria-required=\"true\" aria-invalid=\"false\" \/><\/span> <\/label><\/p>\n<p><label> CPF<br \/>\n    <span class=\"wpcf7-form-control-wrap your-cpf\"><input type=\"text\" name=\"your-cpf\" value=\"\" size=\"40\" class=\"wpcf7-form-control wpcf7-text wpcf7-validates-as-required\" aria-required=\"true\" aria-invalid=\"false\" \/><\/span> <\/label><\/p>\n<p><label> QUESTIONAMENTOS<br \/>\n    <span class=\"wpcf7-form-control-wrap your-message\"><textarea name=\"your-message\" cols=\"40\" rows=\"10\" class=\"wpcf7-form-control wpcf7-textarea\" aria-invalid=\"false\"><\/textarea><\/span> <\/label><\/p>\n<p><span class=\"wpcf7-form-control-wrap checkbox-755\"><span class=\"wpcf7-form-control wpcf7-checkbox wpcf7-validates-as-required\"><span class=\"wpcf7-list-item first last\"><input type=\"checkbox\" name=\"checkbox-755[]\" value=\"Declaro sob pena da Lei que li todo o relat\u00f3rio e estou ciente de seu conte\u00fado.\" \/><span class=\"wpcf7-list-item-label\">Declaro sob pena da Lei que li todo o relat\u00f3rio e estou ciente de seu conte\u00fado.<\/span><\/span><\/span><\/span><\/p>\n<p><input type=\"submit\" value=\"Enviar\" class=\"wpcf7-form-control wpcf7-submit\" \/><\/p>\n<div class=\"wpcf7-response-output wpcf7-display-none\"><\/div><\/form><\/div>\n<p>&nbsp;<\/p>\n<p>&nbsp;<\/p>\n<p>&nbsp;<\/p>\n<p>Anexos:<\/p>\n<ul style=\"list-style-type: circle;\">\n<li><a href=\"http:\/\/www.santaritadopassaquatro.sp.gov.br\/portal\/wp-content\/uploads\/2020\/05\/2\u00ba-QUADRIMESTRE_AUDIENCIA_SAUDE.pdf\" target=\"_blank\" rel=\"noopener\">2\u00ba QUADRIMESTRE_AUDIENCIA_SAUDE<\/a><\/li>\n<li><a href=\"http:\/\/www.santaritadopassaquatro.sp.gov.br\/portal\/wp-content\/uploads\/2020\/05\/2\u00ba-QUADRIMESTRE_DESPESA_SAUDE.pdf\" target=\"_blank\" rel=\"noopener\">2\u00ba QUADRIMESTRE_DESPESA_SAUDE<\/a><\/li>\n<li><a href=\"http:\/\/www.santaritadopassaquatro.sp.gov.br\/portal\/wp-content\/uploads\/2020\/05\/EMPENHOS-LIQUIDADOS.pdf\" target=\"_blank\" rel=\"noopener\">EMPENHOS LIQUIDADOS<\/a><\/li>\n<li><a href=\"http:\/\/www.santaritadopassaquatro.sp.gov.br\/portal\/wp-content\/uploads\/2020\/05\/RECEITA_SA\u00daDE_2\u00ba_QUADRIMESTRE.pdf\" target=\"_blank\" rel=\"noopener\">RECEITA_SA\u00daDE_2\u00ba_QUADRIMESTRE<\/a><\/li>\n<\/ul>\n","protected":false},"excerpt":{"rendered":"<p>A cada quatro meses, a popula\u00e7\u00e3o de Santa Rita do Passa Quatro \u00e9 convidada a participar de audi\u00eancia p\u00fablica presencial<\/p>\n","protected":false},"author":1,"featured_media":0,"parent":0,"menu_order":0,"comment_status":"closed","ping_status":"closed","template":"","meta":{"footnotes":""},"class_list":["post-3813","page","type-page","status-publish","hentry"],"_links":{"self":[{"href":"https:\/\/www.santaritadopassaquatro.sp.gov.br\/portal\/wp-json\/wp\/v2\/pages\/3813","targetHints":{"allow":["GET"]}}],"collection":[{"href":"https:\/\/www.santaritadopassaquatro.sp.gov.br\/portal\/wp-json\/wp\/v2\/pages"}],"about":[{"href":"https:\/\/www.santaritadopassaquatro.sp.gov.br\/portal\/wp-json\/wp\/v2\/types\/page"}],"author":[{"embeddable":true,"href":"https:\/\/www.santaritadopassaquatro.sp.gov.br\/portal\/wp-json\/wp\/v2\/users\/1"}],"replies":[{"embeddable":true,"href":"https:\/\/www.santaritadopassaquatro.sp.gov.br\/portal\/wp-json\/wp\/v2\/comments?post=3813"}],"version-history":[{"count":5,"href":"https:\/\/www.santaritadopassaquatro.sp.gov.br\/portal\/wp-json\/wp\/v2\/pages\/3813\/revisions"}],"predecessor-version":[{"id":4176,"href":"https:\/\/www.santaritadopassaquatro.sp.gov.br\/portal\/wp-json\/wp\/v2\/pages\/3813\/revisions\/4176"}],"wp:attachment":[{"href":"https:\/\/www.santaritadopassaquatro.sp.gov.br\/portal\/wp-json\/wp\/v2\/media?parent=3813"}],"curies":[{"name":"wp","href":"https:\/\/api.w.org\/{rel}","templated":true}]}}