{"id":3998,"date":"2020-07-13T16:31:57","date_gmt":"2020-07-13T19:31:57","guid":{"rendered":"http:\/\/www.santaritadopassaquatro.sp.gov.br\/portal\/?page_id=3998"},"modified":"2020-08-20T16:27:00","modified_gmt":"2020-08-20T19:27:00","slug":"notificacoes","status":"publish","type":"page","link":"https:\/\/www.santaritadopassaquatro.sp.gov.br\/portal\/notificacoes\/","title":{"rendered":"NOTIFICA\u00c7\u00d5ES"},"content":{"rendered":"<ul>\n<li><a href=\"http:\/\/www.santaritadopassaquatro.sp.gov.br\/portal\/wp-content\/uploads\/2020\/07\/NOTIFICA\u00c7\u00c3O-FRANCIELLI-ALVES-CORREA.pdf\" target=\"_blank\" rel=\"noopener\">NOTIFICA\u00c7\u00c3O &#8211; FRANCIELLI ALVES CORREA<\/a><\/li>\n<li><a href=\"http:\/\/www.santaritadopassaquatro.sp.gov.br\/portal\/wp-content\/uploads\/2020\/07\/NOTIFICA\u00c7\u00c3O-ALEXANDRE-DONIZETTI-FRATINI.pdf\" target=\"_blank\" rel=\"noopener\">NOTIFICA\u00c7\u00c3O &#8211; ALEXANDRE DONIZETTI FRATINI<\/a><\/li>\n<li><a href=\"http:\/\/www.santaritadopassaquatro.sp.gov.br\/portal\/wp-content\/uploads\/2020\/07\/NOTIFICA\u00c7\u00c3O-FILIPE-PIZETA-FERRONATO-E-PRISCILA-SILVA-SANTOS.pdf\" target=\"_blank\" rel=\"noopener\">NOTIFICA\u00c7\u00c3O &#8211; FILIPE PIZETA FERRONATO E PRISCILA SILVA SANTOS<\/a><\/li>\n<li><a href=\"http:\/\/www.santaritadopassaquatro.sp.gov.br\/portal\/wp-content\/uploads\/2020\/07\/NOTIFICA\u00c7\u00c3O-LUIZ-CARLOS-FERNANDES.pdf\" target=\"_blank\" rel=\"noopener\">NOTIFICA\u00c7\u00c3O &#8211; LUIZ CARLOS FERNANDES<\/a><\/li>\n<li><a href=\"http:\/\/www.santaritadopassaquatro.sp.gov.br\/portal\/wp-content\/uploads\/2020\/07\/NOTIFICA\u00c7\u00c3O-WILLIAN-AMADEU-MARIN-SIQUEIRA.pdf\" target=\"_blank\" rel=\"noopener\">NOTIFICA\u00c7\u00c3O &#8211; WILLIAN AMADEU MARIN SIQUEIRA<\/a><\/li>\n<li><a href=\"http:\/\/www.santaritadopassaquatro.sp.gov.br\/portal\/wp-content\/uploads\/2020\/07\/NOTIFICA\u00c7\u00c3O-VICTOR-HUGO-SENNA.pdf\" target=\"_blank\" rel=\"noopener\">NOTIFICA\u00c7\u00c3O &#8211; VICTOR HUGO SENNA<\/a><\/li>\n<\/ul>\n","protected":false},"excerpt":{"rendered":"<p>NOTIFICA\u00c7\u00c3O &#8211; FRANCIELLI ALVES CORREA NOTIFICA\u00c7\u00c3O &#8211; ALEXANDRE DONIZETTI FRATINI NOTIFICA\u00c7\u00c3O &#8211; FILIPE PIZETA FERRONATO E PRISCILA SILVA SANTOS NOTIFICA\u00c7\u00c3O<\/p>\n","protected":false},"author":1,"featured_media":0,"parent":0,"menu_order":0,"comment_status":"closed","ping_status":"closed","template":"","meta":{"footnotes":""},"class_list":["post-3998","page","type-page","status-publish","hentry"],"_links":{"self":[{"href":"https:\/\/www.santaritadopassaquatro.sp.gov.br\/portal\/wp-json\/wp\/v2\/pages\/3998","targetHints":{"allow":["GET"]}}],"collection":[{"href":"https:\/\/www.santaritadopassaquatro.sp.gov.br\/portal\/wp-json\/wp\/v2\/pages"}],"about":[{"href":"https:\/\/www.santaritadopassaquatro.sp.gov.br\/portal\/wp-json\/wp\/v2\/types\/page"}],"author":[{"embeddable":true,"href":"https:\/\/www.santaritadopassaquatro.sp.gov.br\/portal\/wp-json\/wp\/v2\/users\/1"}],"replies":[{"embeddable":true,"href":"https:\/\/www.santaritadopassaquatro.sp.gov.br\/portal\/wp-json\/wp\/v2\/comments?post=3998"}],"version-history":[{"count":3,"href":"https:\/\/www.santaritadopassaquatro.sp.gov.br\/portal\/wp-json\/wp\/v2\/pages\/3998\/revisions"}],"predecessor-version":[{"id":4149,"href":"https:\/\/www.santaritadopassaquatro.sp.gov.br\/portal\/wp-json\/wp\/v2\/pages\/3998\/revisions\/4149"}],"wp:attachment":[{"href":"https:\/\/www.santaritadopassaquatro.sp.gov.br\/portal\/wp-json\/wp\/v2\/media?parent=3998"}],"curies":[{"name":"wp","href":"https:\/\/api.w.org\/{rel}","templated":true}]}}