{"id":4157,"date":"2020-08-25T07:56:21","date_gmt":"2020-08-25T10:56:21","guid":{"rendered":"http:\/\/www.santaritadopassaquatro.sp.gov.br\/portal\/?page_id=4157"},"modified":"2023-10-04T10:17:25","modified_gmt":"2023-10-04T13:17:25","slug":"consulta-publica-eletronica-loa-202","status":"publish","type":"page","link":"https:\/\/www.santaritadopassaquatro.sp.gov.br\/portal\/consulta-publica-eletronica-loa-202\/","title":{"rendered":"Consulta P\u00fablica Eletr\u00f4nica &#8211; LOA 2021"},"content":{"rendered":"<p>A Prefeitura de Santa Rita do Passa Quatro &#8211; SP inicia nesta segunda-feira (24\/8) a consulta p\u00fablica para elabora\u00e7\u00e3o da Lei Or\u00e7ament\u00e1ria Anual (LOA) do exerc\u00edcio de 2021.<\/p>\n<p>A Lei Or\u00e7ament\u00e1ria Anual (LOA) \u00e9 um processo do poder executivo, que estima as receitas e fixa as despesas, detalhamento e aplica\u00e7\u00e3o dos recursos que ser\u00e3o utilizados no munic\u00edpio no ano seguinte, sendo um dos tr\u00eas instrumentos de planejamento definidos pela Constitui\u00e7\u00e3o Federal de 1988. \u00c9 elaborada com base nas diretrizes apontadas no Plano Plurianual (PPA) e Lei de Diretrizes Or\u00e7ament\u00e1rias (LDO).<\/p>\n<p><strong>Participe<\/strong><\/p>\n<p>Por meio de um formul\u00e1rio on-line, o cidad\u00e3o poder\u00e1 opinar at\u00e9 o dia 08 de setembro sobre a utiliza\u00e7\u00e3o dos recursos p\u00fablicos para o pr\u00f3ximo ano.<\/p>\n<p style=\"text-align: center;\"><strong>PRAZO ENCERRADO<\/strong><\/p>\n","protected":false},"excerpt":{"rendered":"<p>A Prefeitura de Santa Rita do Passa Quatro &#8211; SP inicia nesta segunda-feira (24\/8) a consulta p\u00fablica para elabora\u00e7\u00e3o da<\/p>\n","protected":false},"author":1,"featured_media":0,"parent":0,"menu_order":0,"comment_status":"closed","ping_status":"closed","template":"","meta":{"footnotes":""},"class_list":["post-4157","page","type-page","status-publish","hentry"],"_links":{"self":[{"href":"https:\/\/www.santaritadopassaquatro.sp.gov.br\/portal\/wp-json\/wp\/v2\/pages\/4157","targetHints":{"allow":["GET"]}}],"collection":[{"href":"https:\/\/www.santaritadopassaquatro.sp.gov.br\/portal\/wp-json\/wp\/v2\/pages"}],"about":[{"href":"https:\/\/www.santaritadopassaquatro.sp.gov.br\/portal\/wp-json\/wp\/v2\/types\/page"}],"author":[{"embeddable":true,"href":"https:\/\/www.santaritadopassaquatro.sp.gov.br\/portal\/wp-json\/wp\/v2\/users\/1"}],"replies":[{"embeddable":true,"href":"https:\/\/www.santaritadopassaquatro.sp.gov.br\/portal\/wp-json\/wp\/v2\/comments?post=4157"}],"version-history":[{"count":3,"href":"https:\/\/www.santaritadopassaquatro.sp.gov.br\/portal\/wp-json\/wp\/v2\/pages\/4157\/revisions"}],"predecessor-version":[{"id":9470,"href":"https:\/\/www.santaritadopassaquatro.sp.gov.br\/portal\/wp-json\/wp\/v2\/pages\/4157\/revisions\/9470"}],"wp:attachment":[{"href":"https:\/\/www.santaritadopassaquatro.sp.gov.br\/portal\/wp-json\/wp\/v2\/media?parent=4157"}],"curies":[{"name":"wp","href":"https:\/\/api.w.org\/{rel}","templated":true}]}}