{"id":530,"date":"2019-01-28T10:42:54","date_gmt":"2019-01-28T12:42:54","guid":{"rendered":"http:\/\/www.santaritadopassaquatro.sp.gov.br\/portal\/?page_id=530"},"modified":"2023-09-04T09:21:49","modified_gmt":"2023-09-04T12:21:49","slug":"hino","status":"publish","type":"page","link":"https:\/\/www.santaritadopassaquatro.sp.gov.br\/portal\/hino\/","title":{"rendered":"Hino"},"content":{"rendered":"<p><img decoding=\"async\" class=\"alignnone size-medium wp-image-520 aligncenter\" src=\"http:\/\/www.santaritadopassaquatro.sp.gov.br\/portal\/wp-content\/uploads\/2019\/01\/bandeira_sta_rita_site_efeito_pronto2-300x210.jpg\" alt=\"\" width=\"300\" height=\"210\" srcset=\"https:\/\/www.santaritadopassaquatro.sp.gov.br\/portal\/wp-content\/uploads\/2019\/01\/bandeira_sta_rita_site_efeito_pronto2-300x210.jpg 300w, https:\/\/www.santaritadopassaquatro.sp.gov.br\/portal\/wp-content\/uploads\/2019\/01\/bandeira_sta_rita_site_efeito_pronto2-768x538.jpg 768w, https:\/\/www.santaritadopassaquatro.sp.gov.br\/portal\/wp-content\/uploads\/2019\/01\/bandeira_sta_rita_site_efeito_pronto2-130x90.jpg 130w, https:\/\/www.santaritadopassaquatro.sp.gov.br\/portal\/wp-content\/uploads\/2019\/01\/bandeira_sta_rita_site_efeito_pronto2.jpg 787w\" sizes=\"(max-width: 300px) 100vw, 300px\" \/><\/p>\n<p style=\"text-align: center;\"><strong>HINO DE SANTA RITA DO PASSA QUATRO<\/strong><br \/>\nM\u00fasica: <strong>OCT\u00c1VIO BUENO DE CAMARGO<\/strong><br \/>\nLetra: <strong>M\u00c1RIO MATTOSO<\/strong><\/p>\n<p style=\"text-align: center;\">I<br \/>\nSalve, p\u00e9rola meiga e formosa<br \/>\nEngastada na crista da serra!<br \/>\n\u00c9s a j\u00f3ia mais fina e preciosa,<br \/>\nNo mais lindo recanto da terra!<\/p>\n<p style=\"text-align: center;\">Relic\u00e1rio dos sonhos ardentes<br \/>\nQue embalaram os teus ancestrais,<br \/>\nOs teus filhos te adoram frementes,<br \/>\nQuem te v\u00ea, n\u00e3o te esquece jamais!<\/p>\n<p style=\"text-align: center;\"><em>Estribilho<\/em><br \/>\nVibre em ti sempiterno idealismo<br \/>\nQue teu povo alimenta e bendiz:<br \/>\n&#8211; Harmonia, Cultura e Civismo,<br \/>\nNo concerto da P\u00e1tria feliz!<\/p>\n<p style=\"text-align: center;\"><em>II<\/em><br \/>\nSanta Rita, cidade-poema,<br \/>\nFeiticeira mans\u00e3o da ventura,<br \/>\nTens o dom e a vaidade suprema<br \/>\nDe prender quem te sonha e procura!<\/p>\n<p style=\"text-align: center;\">Sejam m\u00fasica e versos, o orvalho<br \/>\nQue eterniza teu corpo de flor<br \/>\n&#8211; Ninho ardente de paz e agasalho,<br \/>\nPara\u00edso do sonho e do amor!<\/p>\n","protected":false},"excerpt":{"rendered":"<p>HINO DE SANTA RITA DO PASSA QUATRO M\u00fasica: OCT\u00c1VIO BUENO DE CAMARGO Letra: M\u00c1RIO MATTOSO I Salve, p\u00e9rola meiga e<\/p>\n","protected":false},"author":1,"featured_media":0,"parent":0,"menu_order":0,"comment_status":"closed","ping_status":"closed","template":"","meta":{"footnotes":""},"class_list":["post-530","page","type-page","status-publish","hentry"],"_links":{"self":[{"href":"https:\/\/www.santaritadopassaquatro.sp.gov.br\/portal\/wp-json\/wp\/v2\/pages\/530","targetHints":{"allow":["GET"]}}],"collection":[{"href":"https:\/\/www.santaritadopassaquatro.sp.gov.br\/portal\/wp-json\/wp\/v2\/pages"}],"about":[{"href":"https:\/\/www.santaritadopassaquatro.sp.gov.br\/portal\/wp-json\/wp\/v2\/types\/page"}],"author":[{"embeddable":true,"href":"https:\/\/www.santaritadopassaquatro.sp.gov.br\/portal\/wp-json\/wp\/v2\/users\/1"}],"replies":[{"embeddable":true,"href":"https:\/\/www.santaritadopassaquatro.sp.gov.br\/portal\/wp-json\/wp\/v2\/comments?post=530"}],"version-history":[{"count":5,"href":"https:\/\/www.santaritadopassaquatro.sp.gov.br\/portal\/wp-json\/wp\/v2\/pages\/530\/revisions"}],"predecessor-version":[{"id":9396,"href":"https:\/\/www.santaritadopassaquatro.sp.gov.br\/portal\/wp-json\/wp\/v2\/pages\/530\/revisions\/9396"}],"wp:attachment":[{"href":"https:\/\/www.santaritadopassaquatro.sp.gov.br\/portal\/wp-json\/wp\/v2\/media?parent=530"}],"curies":[{"name":"wp","href":"https:\/\/api.w.org\/{rel}","templated":true}]}}