{"id":550,"date":"2019-01-28T11:37:25","date_gmt":"2019-01-28T13:37:25","guid":{"rendered":"http:\/\/www.santaritadopassaquatro.sp.gov.br\/portal\/?page_id=550"},"modified":"2021-12-23T16:14:23","modified_gmt":"2021-12-23T19:14:23","slug":"esic","status":"publish","type":"page","link":"https:\/\/www.santaritadopassaquatro.sp.gov.br\/portal\/esic\/","title":{"rendered":"esic"},"content":{"rendered":"<p align=\"center\"><span style=\"font-family: 'Trebuchet MS';\"><b>DESCRI\u00c7\u00c3O<\/b><\/span><\/p>\n<p align=\"justify\"><span style=\"font-family: 'Trebuchet MS';\">A Lei Federal de Acesso \u00e0 Informa\u00e7\u00e3o 12.527\/2011 estabelece que \u00d3rg\u00e3os e Entidades P\u00fablicas divulguem informa\u00e7\u00f5es de interesse geral ou coletivo, salvo daquelas que o sigilo esteja previsto no texto legal. O Decreto Municipal N\u00ba 2.385\u00a0<span style=\"color: #008080;\"><i><b><a href=\"https:\/\/www.santaritadopassaquatro.sp.gov.br\/esic\/DECRETO%20N%202385,%20DE%2007%20DE%20MARO%20DE%202013.docx.pdf\" target=\"_blank\" rel=\"noopener\">(clique aqui para ver o decreto)<\/a><\/b><\/i><\/span>, de 07 de mar\u00e7o de 2013, disp\u00f5e sobre o acesso \u00e0 informa\u00e7\u00e3o p\u00fablica no \u00e2mbito do Poder Executivo Municipal e institui o Servi\u00e7o de Informa\u00e7\u00e3o ao Cidad\u00e3o.<\/span><\/p>\n<p align=\"justify\"><span style=\"font-family: 'Trebuchet MS';\">Em Cumprimento \u00e0s leis, o Munic\u00edpio de Santa Rita do Passa Quatro disponibiliza em seu site oficial na internet as informa\u00e7\u00f5es consideradas de interesse p\u00fablico. As que n\u00e3o est\u00e3o dispon\u00edveis devem ser solicitadas atrav\u00e9s do e-SIC (Sistema Eletr\u00f4nico do Servi\u00e7o de Informa\u00e7\u00f5es ao Cidad\u00e3o) ou de requerimento preenchido e encaminhado ao Setor de Protocolo da Prefeitura, atrav\u00e9s do e-mail:<a href=\"mailto:sic@santaritadopassaquatro.sp.gov.br\">sic@santaritadopassaquatro.sp.gov.br<\/a>, ou via correspond\u00eancia encaminhada para o endere\u00e7o: Rua Victor Meirelles, 89 &#8211; Centro \u2013 Santa Rita do Passa Quatro \u2013 SP, CEP 13.670-000, ou ainda atendimento presencial, no mesmo endere\u00e7o, de segunda a sexta-feira das 12h \u00e0s 18 horas.<\/span><\/p>\n<p align=\"justify\"><span style=\"font-family: 'Trebuchet MS';\">O requerente receber\u00e1 o n\u00famero de protocolo, atrav\u00e9s de e-mail, com o qual poder\u00e1 acompanhar atrav\u00e9s do Sistema Online.<\/span><\/p>\n<p align=\"justify\"><span style=\"font-family: 'Trebuchet MS';\">No caso da solicita\u00e7\u00e3o de c\u00f3pias de documentos, caso de deferidas, estas ser\u00e3o encaminhadas por e-mail, em formato PDF. Se o requerente solicitar c\u00f3pias f\u00edsicas (em papel) ser\u00e1 cobrado o valor de c\u00f3pia xerox. Neste caso, o cidad\u00e3o poder\u00e1 utilizar os formul\u00e1rios dispon\u00edveis para download, ap\u00f3s o seu preenchimento.<\/span><\/p>\n<p style=\"text-align: center;\" align=\"justify\"><a href=\"https:\/\/www.transparencia.prefsrpq.com.br\/transparencia\/Default.aspx?AcessoIndividual=lnkESIC\"><img decoding=\"async\" class=\"alignnone wp-image-551 size-medium\" src=\"http:\/\/www.santaritadopassaquatro.sp.gov.br\/portal\/wp-content\/uploads\/2019\/01\/bt_1-300x96.jpg\" alt=\"\" width=\"300\" height=\"96\" srcset=\"https:\/\/www.santaritadopassaquatro.sp.gov.br\/portal\/wp-content\/uploads\/2019\/01\/bt_1-300x96.jpg 300w, https:\/\/www.santaritadopassaquatro.sp.gov.br\/portal\/wp-content\/uploads\/2019\/01\/bt_1.jpg 315w\" sizes=\"(max-width: 300px) 100vw, 300px\" \/><\/a> <a href=\"https:\/\/www.transparencia.prefsrpq.com.br\/transparencia\/Default.aspx?AcessoIndividual=lnkESIC\"><img decoding=\"async\" class=\"alignnone wp-image-552 size-medium\" src=\"http:\/\/www.santaritadopassaquatro.sp.gov.br\/portal\/wp-content\/uploads\/2019\/01\/bt_2-300x103.jpg\" alt=\"\" width=\"300\" height=\"103\" srcset=\"https:\/\/www.santaritadopassaquatro.sp.gov.br\/portal\/wp-content\/uploads\/2019\/01\/bt_2-300x103.jpg 300w, https:\/\/www.santaritadopassaquatro.sp.gov.br\/portal\/wp-content\/uploads\/2019\/01\/bt_2.jpg 314w\" sizes=\"(max-width: 300px) 100vw, 300px\" \/><\/a> <a href=\"https:\/\/www.transparencia.prefsrpq.com.br\/transparencia\/Default.aspx?AcessoIndividual=lnkESIC\"><img decoding=\"async\" class=\"alignnone wp-image-553 size-medium\" src=\"http:\/\/www.santaritadopassaquatro.sp.gov.br\/portal\/wp-content\/uploads\/2019\/01\/bt_3-300x89.jpg\" alt=\"\" width=\"300\" height=\"89\" srcset=\"https:\/\/www.santaritadopassaquatro.sp.gov.br\/portal\/wp-content\/uploads\/2019\/01\/bt_3-300x89.jpg 300w, https:\/\/www.santaritadopassaquatro.sp.gov.br\/portal\/wp-content\/uploads\/2019\/01\/bt_3.jpg 313w\" sizes=\"(max-width: 300px) 100vw, 300px\" \/><\/a><\/p>\n<p style=\"text-align: center;\" align=\"justify\"><a href=\"https:\/\/transparencia.prefsrpq.com.br\/transparencia\/\"><strong>CLIQUE AQUI PARA ACESSAR O PORTAL DA TRANSPER\u00caNCIA<\/strong><\/a><\/p>\n","protected":false},"excerpt":{"rendered":"<p>DESCRI\u00c7\u00c3O A Lei Federal de Acesso \u00e0 Informa\u00e7\u00e3o 12.527\/2011 estabelece que \u00d3rg\u00e3os e Entidades P\u00fablicas divulguem informa\u00e7\u00f5es de interesse geral<\/p>\n","protected":false},"author":1,"featured_media":0,"parent":0,"menu_order":0,"comment_status":"closed","ping_status":"closed","template":"","meta":{"footnotes":""},"class_list":["post-550","page","type-page","status-publish","hentry"],"_links":{"self":[{"href":"https:\/\/www.santaritadopassaquatro.sp.gov.br\/portal\/wp-json\/wp\/v2\/pages\/550","targetHints":{"allow":["GET"]}}],"collection":[{"href":"https:\/\/www.santaritadopassaquatro.sp.gov.br\/portal\/wp-json\/wp\/v2\/pages"}],"about":[{"href":"https:\/\/www.santaritadopassaquatro.sp.gov.br\/portal\/wp-json\/wp\/v2\/types\/page"}],"author":[{"embeddable":true,"href":"https:\/\/www.santaritadopassaquatro.sp.gov.br\/portal\/wp-json\/wp\/v2\/users\/1"}],"replies":[{"embeddable":true,"href":"https:\/\/www.santaritadopassaquatro.sp.gov.br\/portal\/wp-json\/wp\/v2\/comments?post=550"}],"version-history":[{"count":10,"href":"https:\/\/www.santaritadopassaquatro.sp.gov.br\/portal\/wp-json\/wp\/v2\/pages\/550\/revisions"}],"predecessor-version":[{"id":5808,"href":"https:\/\/www.santaritadopassaquatro.sp.gov.br\/portal\/wp-json\/wp\/v2\/pages\/550\/revisions\/5808"}],"wp:attachment":[{"href":"https:\/\/www.santaritadopassaquatro.sp.gov.br\/portal\/wp-json\/wp\/v2\/media?parent=550"}],"curies":[{"name":"wp","href":"https:\/\/api.w.org\/{rel}","templated":true}]}}