{"id":561,"date":"2019-01-28T11:46:12","date_gmt":"2019-01-28T13:46:12","guid":{"rendered":"http:\/\/www.santaritadopassaquatro.sp.gov.br\/portal\/?page_id=561"},"modified":"2025-08-01T09:29:50","modified_gmt":"2025-08-01T12:29:50","slug":"tributacao-2","status":"publish","type":"page","link":"https:\/\/www.santaritadopassaquatro.sp.gov.br\/portal\/tributacao-2\/","title":{"rendered":"Tributa\u00e7\u00e3o"},"content":{"rendered":"\t\t<div data-elementor-type=\"wp-page\" data-elementor-id=\"561\" class=\"elementor elementor-561\">\n\t\t\t\t\t\t\t\t\t<section class=\"elementor-section elementor-top-section elementor-element elementor-element-a0d81f8 elementor-section-boxed elementor-section-height-default elementor-section-height-default exad-glass-effect-no jltma-glass-effect-no exad-sticky-section-no\" data-id=\"a0d81f8\" data-element_type=\"section\">\n\t\t\t\t\t\t<div class=\"elementor-container elementor-column-gap-default\">\n\t\t\t\t\t<div class=\"elementor-column elementor-col-100 elementor-top-column elementor-element elementor-element-59c53096 exad-glass-effect-no jltma-glass-effect-no exad-sticky-section-no\" data-id=\"59c53096\" data-element_type=\"column\">\n\t\t\t<div class=\"elementor-widget-wrap elementor-element-populated\">\n\t\t\t\t\t\t\t\t<div class=\"elementor-element elementor-element-64ad3341 jltma-glass-effect-no exad-sticky-section-no exad-glass-effect-no elementor-widget elementor-widget-text-editor\" data-id=\"64ad3341\" data-element_type=\"widget\" data-widget_type=\"text-editor.default\">\n\t\t\t\t<div class=\"elementor-widget-container\">\n\t\t\t<style>\/*! elementor - v3.9.2 - 21-12-2022 *\/\n.elementor-widget-text-editor.elementor-drop-cap-view-stacked .elementor-drop-cap{background-color:#818a91;color:#fff}.elementor-widget-text-editor.elementor-drop-cap-view-framed .elementor-drop-cap{color:#818a91;border:3px solid;background-color:transparent}.elementor-widget-text-editor:not(.elementor-drop-cap-view-default) .elementor-drop-cap{margin-top:8px}.elementor-widget-text-editor:not(.elementor-drop-cap-view-default) .elementor-drop-cap-letter{width:1em;height:1em}.elementor-widget-text-editor .elementor-drop-cap{float:left;text-align:center;line-height:1;font-size:50px}.elementor-widget-text-editor .elementor-drop-cap-letter{display:inline-block}<\/style>\t\t\t\t<strong>Orienta\u00e7\u00f5es para Abertura e Adequa\u00e7\u00f5es de Empresa<\/strong>\r\n\r\nEm virtude dos lastim\u00e1veis acontecimentos, ocorrido no dia 27 de Janeiro de 2013, na cidade de Santa Maria\u2013RS, esta sendo feita uma mobiliza\u00e7\u00e3o a N\u00edvel Nacional, de todas as esferas, Federais, Estaduais e Municipais, a fim de realizarmos um procedimento unificado em rela\u00e7\u00e3o \u00e0 emiss\u00e3o do Alvar\u00e1 de Licen\u00e7a e Funcionamento de todos os estabelecimentos Comerciais, Industriais e Prestadores de Servi\u00e7o visando resguardar a\r\nseguran\u00e7a da coletividade, e minimizar os riscos de acidentes.\r\n\r\nPor esse motivo segue abaixo novas orienta\u00e7\u00f5es para abertura e adequa\u00e7\u00f5es das empresas Estabelecidas no Munic\u00edpio de Santa Rita do Passa Quatro de acordo a Legisla\u00e7\u00e3o Vigente.\r\n<p style=\"text-align: center;\"><a href=\"http:\/\/www.santaritadopassaquatro.sp.gov.br\/portal\/wp-content\/uploads\/2019\/01\/Orientacoes-de-alvara.pdf\">Clique aqui e veja todos os passo<\/a><\/p>\r\n\r\n<blockquote>\r\n<p style=\"text-align: center;\"><\/p>\r\n<\/blockquote>\r\n&nbsp;\r\n<p align=\"center\"><b><span style=\"color: #000000; font-family: 'Trebuchet MS'; font-size: large;\"><a href=\"http:\/\/santaritadopassaquatro.sp.gov.br\/site\/tributacao\/Ficha%20cadastral%20mobiliario.doc\"><span style=\"color: #000000;\">Ficha Cadastral Mobili\u00e1rio<\/span><\/a><\/span><\/b><\/p>\r\n<p style=\"text-align: center;\" align=\"justify\"><span style=\"font-family: 'Trebuchet MS';\">Ficha Cadastral Mobili\u00e1rio (dispon\u00edvel para preenchimento do contribuinte)<\/span><\/p>\r\n<p style=\"text-align: center;\" align=\"justify\"><a href=\"http:\/\/www.santaritadopassaquatro.sp.gov.br\/portal\/wp-content\/uploads\/2019\/01\/Ficha-cadastral-mobiliario.doc\">&lt; Ficha cadastral mobiliario &gt;<\/a><\/p>\t\t\t\t\t\t<\/div>\n\t\t\t\t<\/div>\n\t\t\t\t<div class=\"elementor-element elementor-element-0fd3a4a jltma-glass-effect-no exad-sticky-section-no exad-glass-effect-no elementor-widget elementor-widget-spacer\" data-id=\"0fd3a4a\" data-element_type=\"widget\" data-widget_type=\"spacer.default\">\n\t\t\t\t<div class=\"elementor-widget-container\">\n\t\t\t<style>\/*! elementor - v3.9.2 - 21-12-2022 *\/\n.elementor-column .elementor-spacer-inner{height:var(--spacer-size)}.e-con{--container-widget-width:100%}.e-con-inner>.elementor-widget-spacer,.e-con>.elementor-widget-spacer{width:var(--container-widget-width,var(--spacer-size));--align-self:var(--container-widget-align-self,initial);--flex-shrink:0}.e-con-inner>.elementor-widget-spacer>.elementor-widget-container,.e-con-inner>.elementor-widget-spacer>.elementor-widget-container>.elementor-spacer,.e-con>.elementor-widget-spacer>.elementor-widget-container,.e-con>.elementor-widget-spacer>.elementor-widget-container>.elementor-spacer{height:100%}.e-con-inner>.elementor-widget-spacer>.elementor-widget-container>.elementor-spacer>.elementor-spacer-inner,.e-con>.elementor-widget-spacer>.elementor-widget-container>.elementor-spacer>.elementor-spacer-inner{height:var(--container-widget-height,var(--spacer-size))}<\/style>\t\t<div class=\"elementor-spacer\">\n\t\t\t<div class=\"elementor-spacer-inner\"><\/div>\n\t\t<\/div>\n\t\t\t\t<\/div>\n\t\t\t\t<\/div>\n\t\t\t\t\t<\/div>\n\t\t<\/div>\n\t\t\t\t\t\t\t<\/div>\n\t\t<\/section>\n\t\t\t\t<section class=\"elementor-section elementor-top-section elementor-element elementor-element-a71c326 elementor-section-boxed elementor-section-height-default elementor-section-height-default exad-glass-effect-no jltma-glass-effect-no exad-sticky-section-no\" data-id=\"a71c326\" data-element_type=\"section\">\n\t\t\t\t\t\t<div class=\"elementor-container elementor-column-gap-default\">\n\t\t\t\t\t<div class=\"elementor-column elementor-col-100 elementor-top-column elementor-element elementor-element-1b33148 exad-glass-effect-no jltma-glass-effect-no exad-sticky-section-no\" data-id=\"1b33148\" data-element_type=\"column\">\n\t\t\t<div class=\"elementor-widget-wrap elementor-element-populated\">\n\t\t\t\t\t\t\t\t<div class=\"elementor-element elementor-element-ce6c4bb elementor-align-left jltma-glass-effect-no exad-sticky-section-no exad-glass-effect-no elementor-widget elementor-widget-button\" data-id=\"ce6c4bb\" data-element_type=\"widget\" data-widget_type=\"button.default\">\n\t\t\t\t<div class=\"elementor-widget-container\">\n\t\t\t\t\t<div class=\"elementor-button-wrapper\">\n\t\t\t<a href=\"https:\/\/www.prefsrpq.com.br:8443\/servicosweb\/home.jsf\" class=\"elementor-button-link elementor-button elementor-size-sm\" role=\"button\">\n\t\t\t\t\t\t<span class=\"elementor-button-content-wrapper\">\n\t\t\t\t\t\t<span class=\"elementor-button-text\">TRIBUTOS (SIA \u2013 IPTU\/ITBI) <\/span>\n\t\t<\/span>\n\t\t\t\t\t<\/a>\n\t\t<\/div>\n\t\t\t\t<\/div>\n\t\t\t\t<\/div>\n\t\t\t\t\t<\/div>\n\t\t<\/div>\n\t\t\t\t\t\t\t<\/div>\n\t\t<\/section>\n\t\t\t\t\t\t\t<\/div>\n\t\t","protected":false},"excerpt":{"rendered":"<p>Orienta\u00e7\u00f5es para Abertura e Adequa\u00e7\u00f5es de Empresa Em virtude dos lastim\u00e1veis acontecimentos, ocorrido no dia 27 de Janeiro de 2013,<\/p>\n","protected":false},"author":1,"featured_media":0,"parent":0,"menu_order":0,"comment_status":"closed","ping_status":"closed","template":"","meta":{"footnotes":""},"class_list":["post-561","page","type-page","status-publish","hentry"],"_links":{"self":[{"href":"https:\/\/www.santaritadopassaquatro.sp.gov.br\/portal\/wp-json\/wp\/v2\/pages\/561","targetHints":{"allow":["GET"]}}],"collection":[{"href":"https:\/\/www.santaritadopassaquatro.sp.gov.br\/portal\/wp-json\/wp\/v2\/pages"}],"about":[{"href":"https:\/\/www.santaritadopassaquatro.sp.gov.br\/portal\/wp-json\/wp\/v2\/types\/page"}],"author":[{"embeddable":true,"href":"https:\/\/www.santaritadopassaquatro.sp.gov.br\/portal\/wp-json\/wp\/v2\/users\/1"}],"replies":[{"embeddable":true,"href":"https:\/\/www.santaritadopassaquatro.sp.gov.br\/portal\/wp-json\/wp\/v2\/comments?post=561"}],"version-history":[{"count":6,"href":"https:\/\/www.santaritadopassaquatro.sp.gov.br\/portal\/wp-json\/wp\/v2\/pages\/561\/revisions"}],"predecessor-version":[{"id":12838,"href":"https:\/\/www.santaritadopassaquatro.sp.gov.br\/portal\/wp-json\/wp\/v2\/pages\/561\/revisions\/12838"}],"wp:attachment":[{"href":"https:\/\/www.santaritadopassaquatro.sp.gov.br\/portal\/wp-json\/wp\/v2\/media?parent=561"}],"curies":[{"name":"wp","href":"https:\/\/api.w.org\/{rel}","templated":true}]}}