{"id":570,"date":"2019-01-28T11:58:20","date_gmt":"2019-01-28T13:58:20","guid":{"rendered":"http:\/\/www.santaritadopassaquatro.sp.gov.br\/portal\/?page_id=570"},"modified":"2023-03-20T15:54:11","modified_gmt":"2023-03-20T18:54:11","slug":"tributos","status":"publish","type":"page","link":"https:\/\/www.santaritadopassaquatro.sp.gov.br\/portal\/tributos\/","title":{"rendered":"Tributos"},"content":{"rendered":"<p style=\"text-align: center;\"><a href=\"https:\/\/www.santaritadopassaquatro.sp.gov.br\/portal\/wp-content\/uploads\/2022\/07\/VTN%202022.pdf\" target=\"_blank\" rel=\"noopener\">Valor da Terra Nua para o exerc\u00edcio de 2022<\/a><\/p>\n<p style=\"text-align: center;\">ATEN\u00c7\u00c3O: 2\u00ba via do IPTU 2023 j\u00e1 dispon\u00edvel para download<\/p>\n<p style=\"text-align: center;\">Escolha um dos nossos servidores para acessar o sistema.<\/p>\n<p style=\"text-align: center;\"><a href=\"http:\/\/prefsrpq.com.br:5661\/servicosweb\/home.jsf\" target=\"_blank\" rel=\"noopener\"><img decoding=\"async\" class=\"alignnone size-medium wp-image-2636\" src=\"http:\/\/www.santaritadopassaquatro.sp.gov.br\/portal\/wp-content\/uploads\/2019\/01\/serv01-300x136-1-300x136.jpg\" alt=\"\" width=\"300\" height=\"136\" \/><\/a><\/p>\n<p style=\"text-align: center;\">\n","protected":false},"excerpt":{"rendered":"<p>Valor da Terra Nua para o exerc\u00edcio de 2022 ATEN\u00c7\u00c3O: 2\u00ba via do IPTU 2023 j\u00e1 dispon\u00edvel para download Escolha<\/p>\n","protected":false},"author":1,"featured_media":0,"parent":0,"menu_order":0,"comment_status":"closed","ping_status":"closed","template":"","meta":{"footnotes":""},"class_list":["post-570","page","type-page","status-publish","hentry"],"_links":{"self":[{"href":"https:\/\/www.santaritadopassaquatro.sp.gov.br\/portal\/wp-json\/wp\/v2\/pages\/570","targetHints":{"allow":["GET"]}}],"collection":[{"href":"https:\/\/www.santaritadopassaquatro.sp.gov.br\/portal\/wp-json\/wp\/v2\/pages"}],"about":[{"href":"https:\/\/www.santaritadopassaquatro.sp.gov.br\/portal\/wp-json\/wp\/v2\/types\/page"}],"author":[{"embeddable":true,"href":"https:\/\/www.santaritadopassaquatro.sp.gov.br\/portal\/wp-json\/wp\/v2\/users\/1"}],"replies":[{"embeddable":true,"href":"https:\/\/www.santaritadopassaquatro.sp.gov.br\/portal\/wp-json\/wp\/v2\/comments?post=570"}],"version-history":[{"count":14,"href":"https:\/\/www.santaritadopassaquatro.sp.gov.br\/portal\/wp-json\/wp\/v2\/pages\/570\/revisions"}],"predecessor-version":[{"id":8901,"href":"https:\/\/www.santaritadopassaquatro.sp.gov.br\/portal\/wp-json\/wp\/v2\/pages\/570\/revisions\/8901"}],"wp:attachment":[{"href":"https:\/\/www.santaritadopassaquatro.sp.gov.br\/portal\/wp-json\/wp\/v2\/media?parent=570"}],"curies":[{"name":"wp","href":"https:\/\/api.w.org\/{rel}","templated":true}]}}