{"id":578,"date":"2019-01-28T13:06:32","date_gmt":"2019-01-28T15:06:32","guid":{"rendered":"http:\/\/www.santaritadopassaquatro.sp.gov.br\/portal\/?page_id=578"},"modified":"2025-10-09T15:59:58","modified_gmt":"2025-10-09T18:59:58","slug":"lei-organica","status":"publish","type":"page","link":"https:\/\/www.santaritadopassaquatro.sp.gov.br\/portal\/lei-organica\/","title":{"rendered":"Lei Org\u00e2nica"},"content":{"rendered":"<p style=\"text-align: center;\">LEI ORG\u00c2NICA EST\u00c2NCIA CLIM\u00c1TICA<br \/>\nSANTA RITA DO PASSA QUATRO<br \/>\nOS DIREITOS DO POVO<\/p>\n<p style=\"text-align: center;\"><a href=\"http:\/\/www.santaritadopassaquatro.sp.gov.br\/portal\/wp-content\/uploads\/2025\/10\/lei-organica.pdf\"><img decoding=\"async\" class=\"alignnone wp-image-579 size-full\" src=\"http:\/\/www.santaritadopassaquatro.sp.gov.br\/portal\/wp-content\/uploads\/2019\/01\/botaoleiorganica.jpg\" alt=\"\" width=\"270\" height=\"128\" \/><\/a><\/p>\n<p style=\"text-align: center;\"><a href=\"http:\/\/www.santaritadopassaquatro.sp.gov.br\/portal\/wp-content\/uploads\/2025\/10\/lei-organica.pdf\">lei-organica<\/a><\/p>\n","protected":false},"excerpt":{"rendered":"<p>LEI ORG\u00c2NICA EST\u00c2NCIA CLIM\u00c1TICA SANTA RITA DO PASSA QUATRO OS DIREITOS DO POVO lei-organica<\/p>\n","protected":false},"author":1,"featured_media":0,"parent":0,"menu_order":0,"comment_status":"closed","ping_status":"closed","template":"","meta":{"footnotes":""},"class_list":["post-578","page","type-page","status-publish","hentry"],"_links":{"self":[{"href":"https:\/\/www.santaritadopassaquatro.sp.gov.br\/portal\/wp-json\/wp\/v2\/pages\/578","targetHints":{"allow":["GET"]}}],"collection":[{"href":"https:\/\/www.santaritadopassaquatro.sp.gov.br\/portal\/wp-json\/wp\/v2\/pages"}],"about":[{"href":"https:\/\/www.santaritadopassaquatro.sp.gov.br\/portal\/wp-json\/wp\/v2\/types\/page"}],"author":[{"embeddable":true,"href":"https:\/\/www.santaritadopassaquatro.sp.gov.br\/portal\/wp-json\/wp\/v2\/users\/1"}],"replies":[{"embeddable":true,"href":"https:\/\/www.santaritadopassaquatro.sp.gov.br\/portal\/wp-json\/wp\/v2\/comments?post=578"}],"version-history":[{"count":2,"href":"https:\/\/www.santaritadopassaquatro.sp.gov.br\/portal\/wp-json\/wp\/v2\/pages\/578\/revisions"}],"predecessor-version":[{"id":13157,"href":"https:\/\/www.santaritadopassaquatro.sp.gov.br\/portal\/wp-json\/wp\/v2\/pages\/578\/revisions\/13157"}],"wp:attachment":[{"href":"https:\/\/www.santaritadopassaquatro.sp.gov.br\/portal\/wp-json\/wp\/v2\/media?parent=578"}],"curies":[{"name":"wp","href":"https:\/\/api.w.org\/{rel}","templated":true}]}}