{"id":584,"date":"2019-01-28T13:16:28","date_gmt":"2019-01-28T15:16:28","guid":{"rendered":"http:\/\/www.santaritadopassaquatro.sp.gov.br\/portal\/?page_id=584"},"modified":"2019-01-28T13:39:57","modified_gmt":"2019-01-28T15:39:57","slug":"servicos","status":"publish","type":"page","link":"https:\/\/www.santaritadopassaquatro.sp.gov.br\/portal\/servicos\/","title":{"rendered":"Servi\u00e7os"},"content":{"rendered":"<ul>\n<li><a href=\"http:\/\/www.santaritadopassaquatro.sp.gov.br\/portal\/itbi\/\">ITBI<\/a><\/li>\n<li><a href=\"http:\/\/www.santaritadopassaquatro.sp.gov.br\/portal\/tributos\/\">TRIBUTOS<\/a><\/li>\n<li><a href=\"http:\/\/www.santaritadopassaquatro.sp.gov.br\/portal\/lei-organica\/\">LEI ORG\u00c2NICA<\/a><\/li>\n<li><a href=\"http:\/\/santaritadopassaquatro.sp.gov.br\/decreto_sistema\/index.php\">DECRETOS<\/a><\/li>\n<li><a href=\"http:\/\/santaritadopassaquatro.sp.gov.br\/portaria_sistema\/index.php\">PORTARIAS<\/a><\/li>\n<li>LEIS<\/li>\n<li>LICITA\u00c7\u00d5ES<\/li>\n<li>CONCURSO P\u00daBLICO<\/li>\n<li><a href=\"http:\/\/www.santaritadopassaquatro.sp.gov.br\/portal\/tranparencia\/\">TRANSPAR\u00caNCIA<\/a><\/li>\n<\/ul>\n","protected":false},"excerpt":{"rendered":"<p>ITBI TRIBUTOS LEI ORG\u00c2NICA DECRETOS PORTARIAS LEIS LICITA\u00c7\u00d5ES CONCURSO P\u00daBLICO TRANSPAR\u00caNCIA<\/p>\n","protected":false},"author":1,"featured_media":0,"parent":0,"menu_order":0,"comment_status":"closed","ping_status":"closed","template":"","meta":{"footnotes":""},"class_list":["post-584","page","type-page","status-publish","hentry"],"_links":{"self":[{"href":"https:\/\/www.santaritadopassaquatro.sp.gov.br\/portal\/wp-json\/wp\/v2\/pages\/584","targetHints":{"allow":["GET"]}}],"collection":[{"href":"https:\/\/www.santaritadopassaquatro.sp.gov.br\/portal\/wp-json\/wp\/v2\/pages"}],"about":[{"href":"https:\/\/www.santaritadopassaquatro.sp.gov.br\/portal\/wp-json\/wp\/v2\/types\/page"}],"author":[{"embeddable":true,"href":"https:\/\/www.santaritadopassaquatro.sp.gov.br\/portal\/wp-json\/wp\/v2\/users\/1"}],"replies":[{"embeddable":true,"href":"https:\/\/www.santaritadopassaquatro.sp.gov.br\/portal\/wp-json\/wp\/v2\/comments?post=584"}],"version-history":[{"count":5,"href":"https:\/\/www.santaritadopassaquatro.sp.gov.br\/portal\/wp-json\/wp\/v2\/pages\/584\/revisions"}],"predecessor-version":[{"id":602,"href":"https:\/\/www.santaritadopassaquatro.sp.gov.br\/portal\/wp-json\/wp\/v2\/pages\/584\/revisions\/602"}],"wp:attachment":[{"href":"https:\/\/www.santaritadopassaquatro.sp.gov.br\/portal\/wp-json\/wp\/v2\/media?parent=584"}],"curies":[{"name":"wp","href":"https:\/\/api.w.org\/{rel}","templated":true}]}}