{"id":603,"date":"2019-01-28T13:40:52","date_gmt":"2019-01-28T15:40:52","guid":{"rendered":"http:\/\/www.santaritadopassaquatro.sp.gov.br\/portal\/?page_id=603"},"modified":"2025-11-10T14:06:21","modified_gmt":"2025-11-10T17:06:21","slug":"leis","status":"publish","type":"page","link":"https:\/\/www.santaritadopassaquatro.sp.gov.br\/portal\/leis\/","title":{"rendered":"Leis"},"content":{"rendered":"<p style=\"text-align: center;\"><span style=\"font-size: 14pt;\"><strong>SISTEMA ON-LINE<\/strong><\/span><\/p>\n<p style=\"text-align: center;\"><span style=\"font-size: 14pt;\"><strong> LEIS MUNICIPAIS<\/strong><\/span><\/p>\n<p style=\"text-align: center;\"><a href=\"https:\/\/onedrive.live.com\/?authkey=%21ALoWdKbbsKUnRm4&amp;id=68B8A786E8CDDDAD%21106&amp;cid=68B8A786E8CDDDAD\" target=\"_blank\" rel=\"noopener\">&gt;&gt;&gt; Clique aqui para fazer sua consulta &lt;&lt;&lt;&lt;<\/a><\/p>\n<p style=\"text-align: center;\">Lei Diretrizes Or\u00e7ament\u00e1ria SPRQ<br \/>Lei N\u00b0 2658, de 28 de Junho de 2006<\/p>\n\n\n<hr class=\"wp-block-separator has-alpha-channel-opacity\"\/>\n\n\n\n<p class=\"has-text-align-center\"><strong>LEI ORG\u00c2NICA<\/strong><\/p>\n\n\n\n<p class=\"has-text-align-center\"><a href=\"https:\/\/www.santaritadopassaquatro.sp.gov.br\/portal\/lei-organica\/\" target=\"_blank\" rel=\"noreferrer noopener\">LEI ORG\u00c2NICA EST\u00c2NCIA CLIM\u00c1TICA<br>SANTA RITA DO PASSA QUATRO<br>OS DIREITOS DO POVO (Clique aqui..)<\/a><\/p>\n","protected":false},"excerpt":{"rendered":"<p>SISTEMA ON-LINE LEIS MUNICIPAIS &gt;&gt;&gt; Clique aqui para fazer sua consulta &lt;&lt;&lt;&lt; Lei Diretrizes Or\u00e7ament\u00e1ria SPRQLei N\u00b0 2658, de 28<\/p>\n","protected":false},"author":1,"featured_media":0,"parent":0,"menu_order":0,"comment_status":"closed","ping_status":"closed","template":"","meta":{"footnotes":""},"class_list":["post-603","page","type-page","status-publish","hentry"],"_links":{"self":[{"href":"https:\/\/www.santaritadopassaquatro.sp.gov.br\/portal\/wp-json\/wp\/v2\/pages\/603","targetHints":{"allow":["GET"]}}],"collection":[{"href":"https:\/\/www.santaritadopassaquatro.sp.gov.br\/portal\/wp-json\/wp\/v2\/pages"}],"about":[{"href":"https:\/\/www.santaritadopassaquatro.sp.gov.br\/portal\/wp-json\/wp\/v2\/types\/page"}],"author":[{"embeddable":true,"href":"https:\/\/www.santaritadopassaquatro.sp.gov.br\/portal\/wp-json\/wp\/v2\/users\/1"}],"replies":[{"embeddable":true,"href":"https:\/\/www.santaritadopassaquatro.sp.gov.br\/portal\/wp-json\/wp\/v2\/comments?post=603"}],"version-history":[{"count":11,"href":"https:\/\/www.santaritadopassaquatro.sp.gov.br\/portal\/wp-json\/wp\/v2\/pages\/603\/revisions"}],"predecessor-version":[{"id":13249,"href":"https:\/\/www.santaritadopassaquatro.sp.gov.br\/portal\/wp-json\/wp\/v2\/pages\/603\/revisions\/13249"}],"wp:attachment":[{"href":"https:\/\/www.santaritadopassaquatro.sp.gov.br\/portal\/wp-json\/wp\/v2\/media?parent=603"}],"curies":[{"name":"wp","href":"https:\/\/api.w.org\/{rel}","templated":true}]}}