{"id":611,"date":"2019-01-28T13:54:21","date_gmt":"2019-01-28T15:54:21","guid":{"rendered":"http:\/\/www.santaritadopassaquatro.sp.gov.br\/portal\/?page_id=611"},"modified":"2019-01-28T13:54:21","modified_gmt":"2019-01-28T15:54:21","slug":"imprensa-oficial","status":"publish","type":"page","link":"https:\/\/www.santaritadopassaquatro.sp.gov.br\/portal\/imprensa-oficial\/","title":{"rendered":"Imprensa Oficial"},"content":{"rendered":"<p><strong>Di\u00e1rio Oficial Eletr\u00f4nico<\/strong><\/p>\n<p>Fa\u00e7a o download das edi\u00e7\u00f5es clicando no bot\u00e3o abaixo<\/p>\n<p>&nbsp;<\/p>\n<p style=\"text-align: center;\"><a href=\"https:\/\/imprensaoficialmunicipal.com.br\/santa_rita_do_passa_quatro\"><img decoding=\"async\" class=\"alignnone size-medium wp-image-536\" src=\"http:\/\/www.santaritadopassaquatro.sp.gov.br\/portal\/wp-content\/uploads\/2019\/01\/Diario_oficial_eletronico_botao_site-300x89.jpg\" alt=\"\" width=\"300\" height=\"89\" srcset=\"https:\/\/www.santaritadopassaquatro.sp.gov.br\/portal\/wp-content\/uploads\/2019\/01\/Diario_oficial_eletronico_botao_site-300x89.jpg 300w, https:\/\/www.santaritadopassaquatro.sp.gov.br\/portal\/wp-content\/uploads\/2019\/01\/Diario_oficial_eletronico_botao_site.jpg 529w\" sizes=\"(max-width: 300px) 100vw, 300px\" \/><\/a><\/p>\n<p>&nbsp;<\/p>\n<p><strong>Imprensa Oficial do Munic\u00edpio at\u00e9 2016<br \/>\n<\/strong><\/p>\n<p>&nbsp;<\/p>\n<p>Fa\u00e7a o download das edi\u00e7\u00f5es clicando no bot\u00e3o abaixo<\/p>\n<p>&nbsp;<\/p>\n<p style=\"text-align: center;\"><a href=\"http:\/\/www.santaritadopassaquatro.sp.gov.br\/imprensaoficial\/ewfile\/publicacoes\/ATUALIZA%20PAGINA.php\"><img decoding=\"async\" class=\"alignnone size-full wp-image-612\" src=\"http:\/\/www.santaritadopassaquatro.sp.gov.br\/portal\/wp-content\/uploads\/2019\/01\/pdf_download.jpg\" alt=\"\" width=\"295\" height=\"104\" \/><\/a><\/p>\n","protected":false},"excerpt":{"rendered":"<p>Di\u00e1rio Oficial Eletr\u00f4nico Fa\u00e7a o download das edi\u00e7\u00f5es clicando no bot\u00e3o abaixo &nbsp; &nbsp; Imprensa Oficial do Munic\u00edpio at\u00e9 2016<\/p>\n","protected":false},"author":1,"featured_media":0,"parent":0,"menu_order":0,"comment_status":"closed","ping_status":"closed","template":"","meta":{"footnotes":""},"class_list":["post-611","page","type-page","status-publish","hentry"],"_links":{"self":[{"href":"https:\/\/www.santaritadopassaquatro.sp.gov.br\/portal\/wp-json\/wp\/v2\/pages\/611","targetHints":{"allow":["GET"]}}],"collection":[{"href":"https:\/\/www.santaritadopassaquatro.sp.gov.br\/portal\/wp-json\/wp\/v2\/pages"}],"about":[{"href":"https:\/\/www.santaritadopassaquatro.sp.gov.br\/portal\/wp-json\/wp\/v2\/types\/page"}],"author":[{"embeddable":true,"href":"https:\/\/www.santaritadopassaquatro.sp.gov.br\/portal\/wp-json\/wp\/v2\/users\/1"}],"replies":[{"embeddable":true,"href":"https:\/\/www.santaritadopassaquatro.sp.gov.br\/portal\/wp-json\/wp\/v2\/comments?post=611"}],"version-history":[{"count":1,"href":"https:\/\/www.santaritadopassaquatro.sp.gov.br\/portal\/wp-json\/wp\/v2\/pages\/611\/revisions"}],"predecessor-version":[{"id":613,"href":"https:\/\/www.santaritadopassaquatro.sp.gov.br\/portal\/wp-json\/wp\/v2\/pages\/611\/revisions\/613"}],"wp:attachment":[{"href":"https:\/\/www.santaritadopassaquatro.sp.gov.br\/portal\/wp-json\/wp\/v2\/media?parent=611"}],"curies":[{"name":"wp","href":"https:\/\/api.w.org\/{rel}","templated":true}]}}