{"id":615,"date":"2019-01-28T13:56:17","date_gmt":"2019-01-28T15:56:17","guid":{"rendered":"http:\/\/www.santaritadopassaquatro.sp.gov.br\/portal\/?page_id=615"},"modified":"2025-05-14T17:38:33","modified_gmt":"2025-05-14T20:38:33","slug":"licitacoes","status":"publish","type":"page","link":"https:\/\/www.santaritadopassaquatro.sp.gov.br\/portal\/licitacoes\/","title":{"rendered":"Licita\u00e7\u00f5es"},"content":{"rendered":"<p style=\"text-align: center;\"><strong>Edital de Chamamento para Renova\u00e7\u00e3o de Cadastro e Inscri\u00e7\u00f5es de Novos Fornecedores para Fins Licitat\u00f3rios na Administra\u00e7\u00e3o Municipal de Santa Rita do Passa Quatro\/SP.<\/strong><\/p>\n<p style=\"text-align: center;\">A Prefeitura Municipal de Santa Rita do Passa Quatro\/SP, torna p\u00fablico, que o Registro Cadastral est\u00e1 permanentemente aberto para o ingresso de novas empresas interessadas em fazer sua inscri\u00e7\u00e3o, e convoca as empresas j\u00e1 inscritas no Cadastro de Fornecedores, que estiverem com o Certificado de Registro Cadastral fora do prazo de vig\u00eancia, a providenciarem sua renova\u00e7\u00e3o, considerando o disposto no \u00a7 1\u00ba do art.34 da Lei 8.666 de 21 de junho de 1993. Ao requerer inscri\u00e7\u00e3o no Cadastro, ou renova\u00e7\u00e3o deste, a qualquer tempo, a empresa interessada dever\u00e1 fornecer os documentos e elementos necess\u00e1rios \u00e0 satisfa\u00e7\u00e3o das exig\u00eancias legais. Informa\u00e7\u00f5es na Se\u00e7\u00e3o de Licita\u00e7\u00f5es, situada \u00e0 Rua Victor Meirelles, n\u00b0 89 \u2013 Centro, na cidade de Santa Rita do Passa Quatro\/SP, no hor\u00e1rio de expediente, de segunda a sexta-feira, ou pelo telefone (19) 3582.9008, onde ser\u00e3o fornecidas as normas e demais instru\u00e7\u00f5es legais.<\/p>\n<p style=\"text-align: center;\"><span style=\"font-size: 18pt; color: #ff0000;\"><a href=\"https:\/\/drive.google.com\/drive\/folders\/1dXGtn4Ez_YOHRzVILCuaNHocLB9oeepw?usp=sharing\"><strong><em>CLIQUE AQUI PARA VER AS LICITA\u00c7\u00d5ES EM ANDAMENTO<\/em><\/strong><\/a><\/span><\/p>\n","protected":false},"excerpt":{"rendered":"<p>Edital de Chamamento para Renova\u00e7\u00e3o de Cadastro e Inscri\u00e7\u00f5es de Novos Fornecedores para Fins Licitat\u00f3rios na Administra\u00e7\u00e3o Municipal de Santa<\/p>\n","protected":false},"author":1,"featured_media":0,"parent":0,"menu_order":0,"comment_status":"closed","ping_status":"closed","template":"","meta":{"footnotes":""},"class_list":["post-615","page","type-page","status-publish","hentry"],"_links":{"self":[{"href":"https:\/\/www.santaritadopassaquatro.sp.gov.br\/portal\/wp-json\/wp\/v2\/pages\/615","targetHints":{"allow":["GET"]}}],"collection":[{"href":"https:\/\/www.santaritadopassaquatro.sp.gov.br\/portal\/wp-json\/wp\/v2\/pages"}],"about":[{"href":"https:\/\/www.santaritadopassaquatro.sp.gov.br\/portal\/wp-json\/wp\/v2\/types\/page"}],"author":[{"embeddable":true,"href":"https:\/\/www.santaritadopassaquatro.sp.gov.br\/portal\/wp-json\/wp\/v2\/users\/1"}],"replies":[{"embeddable":true,"href":"https:\/\/www.santaritadopassaquatro.sp.gov.br\/portal\/wp-json\/wp\/v2\/comments?post=615"}],"version-history":[{"count":9,"href":"https:\/\/www.santaritadopassaquatro.sp.gov.br\/portal\/wp-json\/wp\/v2\/pages\/615\/revisions"}],"predecessor-version":[{"id":11958,"href":"https:\/\/www.santaritadopassaquatro.sp.gov.br\/portal\/wp-json\/wp\/v2\/pages\/615\/revisions\/11958"}],"wp:attachment":[{"href":"https:\/\/www.santaritadopassaquatro.sp.gov.br\/portal\/wp-json\/wp\/v2\/media?parent=615"}],"curies":[{"name":"wp","href":"https:\/\/api.w.org\/{rel}","templated":true}]}}