{"id":641,"date":"2019-01-28T14:47:00","date_gmt":"2019-01-28T16:47:00","guid":{"rendered":"http:\/\/www.santaritadopassaquatro.sp.gov.br\/portal\/?page_id=641"},"modified":"2024-01-19T13:24:17","modified_gmt":"2024-01-19T16:24:17","slug":"enderecos-uteis","status":"publish","type":"page","link":"https:\/\/www.santaritadopassaquatro.sp.gov.br\/portal\/enderecos-uteis\/","title":{"rendered":"Endere\u00e7os \u00dateis"},"content":{"rendered":"<p><strong>ENDERE\u00c7OS \u00daTEIS<\/strong><\/p>\n<p><strong>PREFEITURA MUNICIPA<\/strong>L<br \/>\nRua Victor Meirelles, 89 &#8211; Centro &#8211; Tel. (19) 3582-9000<\/p>\n<p><strong>C\u00c2MARA MUNICIPAL<\/strong><br \/>\nRua Jos\u00e9 Rodrigues Palhares, 117 &#8211; Tel. (19) 3584-4050<\/p>\n<p><strong>CART\u00d3RIO DE REGISTRO CIVIL<\/strong><br \/>\nRua Victor Meirelles, 481 &#8211; Tel. (19) 3582-6375<\/p>\n<p><strong>SANTA CASA MISERIC\u00d3RDIA<\/strong><br \/>\nRua In\u00e1cio Ribeiro, 279 &#8211; Tel. (19) 3582-9555<\/p>\n<p><strong>CENTRO DE SA\u00daDE I<\/strong><br \/>\nAv. Major de Ara\u00fajo A. J., 346 &#8211; Tel. (19) 3582-5465<\/p>\n<p><strong>CENTRO DE SA\u00daDE II<\/strong><br \/>\nRua In\u00e1cio Ribeiro, 420 &#8211; Tels. (19) 3582-6171\/1259<\/p>\n<p><strong>POL\u00cdCIA AMBIENTAL<\/strong><br \/>\nAv. Quincas Meirelles, 355 &#8211; Tels. (19) 3584-4650\/2815<\/p>\n<p><strong>POL\u00cdCIA MILITAR<\/strong><br \/>\nRua Luiz Ruvieiro, 61, &#8211; Tel. (19) 3582-1288<\/p>\n<p><strong>POL\u00cdCIA CIVIL<\/strong><br \/>\nAv. Padre Pio Corso, 1959, &#8211; Tel. (19) 3582-1464<\/p>\n<p><strong>TIRO DE GUERRA<\/strong><br \/>\nRua Jos\u00e9 Rodrigues Palhares, 183 &#8211; Tel. (19) 3582-1941<\/p>\n<p><strong>POL\u00cdCIA CIVIL<\/strong><br \/>\nAv. Padre Pio Corso, 1959, &#8211; Tel. (19) 3582-1464<\/p>\n<p><strong>F\u00d3RUM<\/strong><br \/>\nRua Victor Annibal Rossim, 251, &#8211; Tel. (19) 3582-4431<\/p>\n<p><strong>OAB\/SP<\/strong><br \/>\nAv. da Saudade, 71, &#8211; Tel. (19) 3582-1700<\/p>\n<p><strong>CONSELHO TUTELAR<\/strong><br \/>\nRua In\u00e1cio Ribeiro, 884 &#8211; Tel. (19) 3582-4877<\/p>\n<p><strong>FUNDO SOCIAL DE SOLIDARIEDADE<\/strong><br \/>\nPra\u00e7a da Esta\u00e7\u00e3o, s\/n, &#8211; Tel. (19) 3582-7018<\/p>\n<p><strong>BANCO DO POVO<\/strong><br \/>\nRua Duque de Caxias, 614 &#8211; Tel. (19) 3582-5257<\/p>\n<p><strong>PROCON<\/strong><br \/>\nAv. Severino Meirelles, 1230 &#8211; Centro &#8211; Tels. (19) 3582-5762\/1287<\/p>\n<p><strong>CORREIOS<\/strong><br \/>\nRua Jos\u00e9 Bonif\u00e1cio, 510 &#8211; Centro &#8211; Tel. (19) 3582-2024<\/p>\n<p><strong>PAT<\/strong><br \/>\nRua Victor Meirelles, 373 &#8211; Centro &#8211; Telefone: 19 3582-5588<\/p>\n","protected":false},"excerpt":{"rendered":"<p>ENDERE\u00c7OS \u00daTEIS PREFEITURA MUNICIPAL Rua Victor Meirelles, 89 &#8211; Centro &#8211; Tel. (19) 3582-9000 C\u00c2MARA MUNICIPAL Rua Jos\u00e9 Rodrigues Palhares,<\/p>\n","protected":false},"author":1,"featured_media":0,"parent":0,"menu_order":0,"comment_status":"closed","ping_status":"closed","template":"","meta":{"footnotes":""},"class_list":["post-641","page","type-page","status-publish","hentry"],"_links":{"self":[{"href":"https:\/\/www.santaritadopassaquatro.sp.gov.br\/portal\/wp-json\/wp\/v2\/pages\/641","targetHints":{"allow":["GET"]}}],"collection":[{"href":"https:\/\/www.santaritadopassaquatro.sp.gov.br\/portal\/wp-json\/wp\/v2\/pages"}],"about":[{"href":"https:\/\/www.santaritadopassaquatro.sp.gov.br\/portal\/wp-json\/wp\/v2\/types\/page"}],"author":[{"embeddable":true,"href":"https:\/\/www.santaritadopassaquatro.sp.gov.br\/portal\/wp-json\/wp\/v2\/users\/1"}],"replies":[{"embeddable":true,"href":"https:\/\/www.santaritadopassaquatro.sp.gov.br\/portal\/wp-json\/wp\/v2\/comments?post=641"}],"version-history":[{"count":4,"href":"https:\/\/www.santaritadopassaquatro.sp.gov.br\/portal\/wp-json\/wp\/v2\/pages\/641\/revisions"}],"predecessor-version":[{"id":9825,"href":"https:\/\/www.santaritadopassaquatro.sp.gov.br\/portal\/wp-json\/wp\/v2\/pages\/641\/revisions\/9825"}],"wp:attachment":[{"href":"https:\/\/www.santaritadopassaquatro.sp.gov.br\/portal\/wp-json\/wp\/v2\/media?parent=641"}],"curies":[{"name":"wp","href":"https:\/\/api.w.org\/{rel}","templated":true}]}}