{"id":647,"date":"2019-01-28T14:57:31","date_gmt":"2019-01-28T16:57:31","guid":{"rendered":"http:\/\/www.santaritadopassaquatro.sp.gov.br\/portal\/?page_id=647"},"modified":"2023-12-19T16:01:36","modified_gmt":"2023-12-19T19:01:36","slug":"plano-diretor","status":"publish","type":"page","link":"https:\/\/www.santaritadopassaquatro.sp.gov.br\/portal\/plano-diretor\/","title":{"rendered":"Plano Diretor"},"content":{"rendered":"<p><strong><a href=\"http:\/\/santaritadopassaquatro.sp.gov.br\/planodiretor\/PLANO%20DIRETOR.pdf?phpMyAdmin=19385d865449847d0eecca2d72e7fdd8\">Lei n\u00ba 2.667, de 10 de outubro de 2006 \u2013 Aprovada!<\/a><\/strong><\/p>\n<table width=\"100%\">\n<tbody>\n<tr>\n<td><strong>Veja mais<\/strong><\/td>\n<\/tr>\n<\/tbody>\n<\/table>\n<table width=\"700\">\n<tbody>\n<tr>\n<td width=\"90%\">\n<p><strong>Propostas para Leis encaminhadas para C\u00e2mara Municipal para discuss\u00e3o e aprova\u00e7\u00e3o.<\/strong><\/p>\n<p><a href=\"http:\/\/santaritadopassaquatro.sp.gov.br\/planodiretor\/oliver\/LEI%20DE%20ZONEAMENTO.pdf?phpMyAdmin=19385d865449847d0eecca2d72e7fdd8\">LEI DE ZONEAMENTO.pdf<\/a><\/p>\n<p><a href=\"http:\/\/santaritadopassaquatro.sp.gov.br\/planodiretor\/oliver\/LEI%20DOS%20INSTRUMENTOS.pdf?phpMyAdmin=19385d865449847d0eecca2d72e7fdd8\">LEI DOS INSTRUMENTOS.pdf<\/a><\/p>\n<p><a href=\"http:\/\/santaritadopassaquatro.sp.gov.br\/planodiretor\/oliver\/Sistema%20Viario-Municipal.pdf?phpMyAdmin=19385d865449847d0eecca2d72e7fdd8\">Sistema Vi\u00e1rio-Municipal.pdf<\/a><\/p>\n<p><a href=\"http:\/\/santaritadopassaquatro.sp.gov.br\/planodiretor\/oliver\/LEI%20DO%20SISTEMA%20VIARIO.pdf?phpMyAdmin=19385d865449847d0eecca2d72e7fdd8\">LEI DO SISTEMA VI\u00c1RIO.pdf<\/a><\/p>\n<p><a href=\"http:\/\/santaritadopassaquatro.sp.gov.br\/planodiretor\/oliver\/LEI%20DE%20PARCELAMENTO.pdf?phpMyAdmin=19385d865449847d0eecca2d72e7fdd8\">LEI DE PARCELAMENTO.pdf<\/a><\/p>\n<p><strong>\u00a0PROPOSTAS DE LEIS EM ESTUDO &#8211;\u00a0<a href=\"mailto:administracao@santaritadopassaquatro.sp.gov.br\">Envie suas sugest\u00f5es<\/a><\/strong><\/p>\n<p><a href=\"http:\/\/santaritadopassaquatro.sp.gov.br\/planodiretor\/CODIGO%20AMBIENTAL.pdf?phpMyAdmin=19385d865449847d0eecca2d72e7fdd8\">C\u00d3DIGO AMBIENTAL.pdf<\/a><\/p>\n<p><a href=\"http:\/\/santaritadopassaquatro.sp.gov.br\/planodiretor\/CODIGO%20DE%20POSTURAS.pdf?phpMyAdmin=19385d865449847d0eecca2d72e7fdd8\">C\u00d3DIGO DE POSTURAS.pdf<\/a><\/p>\n<p><a href=\"http:\/\/santaritadopassaquatro.sp.gov.br\/planodiretor\/CODIGO%20TRIBUTRIO.pdf?phpMyAdmin=19385d865449847d0eecca2d72e7fdd8\">C\u00d3DIGO TRIBUT\u00c1RIO.pdf<\/a><\/p>\n<p><strong>\u00a0<\/strong><strong>MAPAS DE PROPOSTAS PARA LEIS COMPLEMENTARES<\/strong><\/p>\n<p><strong>\u00a0<\/strong><a href=\"http:\/\/santaritadopassaquatro.sp.gov.br\/planodiretor\/oliver\/ANEXO%20LEI%20DE%20INSTRUMENTOS.pdf?phpMyAdmin=19385d865449847d0eecca2d72e7fdd8\">ANEXO LEI DE INSTRUMENTOS.pdf<\/a><\/p>\n<p><strong>\u00a0<\/strong><a href=\"http:\/\/santaritadopassaquatro.sp.gov.br\/planodiretor\/oliver\/ANEXO%20LEI%20DE%20ZONEAMENTO.pdf?phpMyAdmin=19385d865449847d0eecca2d72e7fdd8\">ANEXO LEI DE ZONEAMENTO.pdf<\/a><\/p>\n<p><strong>\u00a0<\/strong><a href=\"http:\/\/santaritadopassaquatro.sp.gov.br\/planodiretor\/oliver\/ANEXO%20LEI%20DO%20PERIMETRO.pdf?phpMyAdmin=19385d865449847d0eecca2d72e7fdd8\">ANEXO LEI DO PER\u00cdMETRO.pdf<\/a><\/p>\n<p><strong>\u00a0<\/strong><a href=\"http:\/\/santaritadopassaquatro.sp.gov.br\/planodiretor\/oliver\/ANEXO%20SISTEMA%20VIARIO.pdf?phpMyAdmin=19385d865449847d0eecca2d72e7fdd8\">ANEXO SISTEMA VI\u00c1RIO.pdf<\/a><\/td>\n<\/tr>\n<tr>\n<td width=\"90%\"><strong>\u00a0<\/strong><strong>EIXOS E DIRETRIZES<\/strong><\/p>\n<p><strong>\u00a0<\/strong><a href=\"http:\/\/santaritadopassaquatro.sp.gov.br\/planodiretor\/oliver\/ESTRUTURACAO%20URBANA.pdf?phpMyAdmin=19385d865449847d0eecca2d72e7fdd8\">ESTRUTURA\u00c7\u00c3O URBANA.pdf<\/a><\/p>\n<p><strong>\u00a0<\/strong><a href=\"http:\/\/santaritadopassaquatro.sp.gov.br\/planodiretor\/oliver\/PRESERVACAO.pdf?phpMyAdmin=19385d865449847d0eecca2d72e7fdd8\">PRESERVA\u00c7\u00c3O.pdf<\/a><\/p>\n<p><strong>\u00a0<\/strong><a href=\"http:\/\/santaritadopassaquatro.sp.gov.br\/planodiretor\/oliver\/PROPOSTA%20MUNCIPAL.pdf?phpMyAdmin=19385d865449847d0eecca2d72e7fdd8\">PROPOSTA MUNICIPAL.pdf<\/a><\/p>\n<p><strong>\u00a0<\/strong><a href=\"http:\/\/santaritadopassaquatro.sp.gov.br\/planodiretor\/oliver\/DESENVOLVIMENTO%20ECONOMICO.pdf?phpMyAdmin=19385d865449847d0eecca2d72e7fdd8\">DESENVOLVIMENTO ECON\u00d4MICO.pdf<\/a><\/td>\n<\/tr>\n<tr>\n<td width=\"90%\"><\/td>\n<\/tr>\n<tr>\n<td width=\"90%\"><strong>VOLUME I &#8211;\u00a0<\/strong><strong>PLANO DE TRABALHO<\/strong><\/p>\n<p><strong>VOLUME II &#8211; LEITURA T\u00c9CNICA E COMUNIT\u00c1RIA<\/strong><\/p>\n<p><strong><em>&#8221; EST\u00c3O A DISPOSI\u00c7\u00c3O NO DEPARTAMENTO DE PLANEJAMENTO\u201d<\/em><\/strong><\/td>\n<\/tr>\n<tr>\n<td width=\"90%\">\n<p><strong>MAPAS TEM\u00c1TICOS :\u00a0<\/strong><\/p>\n<p><strong><em>&#8221; OS MAPAS EST\u00c3O A DISPOSI\u00c7\u00c3O PARA SEREM PLOTADOS NO DEPARTAMENTO DE PLANEJAMENTO\u201d<\/em><\/strong><\/td>\n<\/tr>\n<tr>\n<td width=\"90%\"><strong><a href=\"http:\/\/santaritadopassaquatro.sp.gov.br\/planodiretor\/oliver\/Diagnostico%20Socio%20economico.pdf?phpMyAdmin=19385d865449847d0eecca2d72e7fdd8\">DIAGN\u00d3STICO S\u00d3CIO ECON\u00d4MICO<\/a><\/strong><\/td>\n<\/tr>\n<tr>\n<td width=\"90%\">\n<p><strong>Plano Diretor de 1958\u00a0<\/strong><\/p>\n<p><strong>&#8220;CONHE\u00c7A O PLANO DIRETOR FEITO PARA SANTA RITA NO ANO DE 1958&#8221;<\/strong><\/p>\n<p><strong><a href=\"http:\/\/santaritadopassaquatro.sp.gov.br\/planodiretor\/01%20A%2015.pdf?phpMyAdmin=19385d865449847d0eecca2d72e7fdd8\">&gt; P\u00c1GINA DE 01 A 15 &lt;\u00a0\u00a0\u00a0\u00a0\u00a0<\/a><a href=\"http:\/\/santaritadopassaquatro.sp.gov.br\/planodiretor\/16%20A%2038.pdf?phpMyAdmin=19385d865449847d0eecca2d72e7fdd8\">&gt; P\u00c1GINA DE 16 A 38 &lt;<\/a><\/strong><\/p>\n<p><strong><a href=\"http:\/\/santaritadopassaquatro.sp.gov.br\/planodiretor\/39%20A%2049.pdf?phpMyAdmin=19385d865449847d0eecca2d72e7fdd8\">&gt; P\u00c1GINA DE 39 A 49 &lt;\u00a0\u00a0\u00a0\u00a0\u00a0\u00a0<\/a><a href=\"http:\/\/santaritadopassaquatro.sp.gov.br\/planodiretor\/50%20A%2065.pdf?phpMyAdmin=19385d865449847d0eecca2d72e7fdd8\">&gt; P\u00c1GINA DE 50 A 65 &lt;<\/a><\/strong><\/td>\n<\/tr>\n<tr>\n<td width=\"90%\">\n<table width=\"100%\">\n<tbody>\n<tr>\n<td><strong>CONTATO COM O COORDENADOR DO PLANO DIRETOR<\/strong><\/td>\n<\/tr>\n<\/tbody>\n<\/table>\n<p><strong>\u00a0\u00a0<a href=\"mailto:administracao@santaritadopassaquatro.sp.gov.br\">administracao@santaritadopassaquatro.sp.gov.br<\/a><\/strong><\/p>\n<table width=\"100%\">\n<tbody>\n<tr>\n<td><strong>CONTATO COM A EQUIPE DE CONSULTORIA DA OLIVER ARQUITETURA<\/strong><\/td>\n<\/tr>\n<\/tbody>\n<\/table>\n<p><strong><a href=\"mailto:sandra@oliverarquitetura.com.br\">sandra@oliverarquitetura.com.br<\/a><\/strong><\/p>\n<p><strong><a href=\"mailto:juridico@oliverarquitetura.com.br\">juridico@oliverarquitetura.com.br<\/a><\/strong><strong>;<\/strong><\/p>\n<p><strong><a href=\"mailto:social@oliverarquitetura.com.br\">social@oliverarquitetura.com.br<\/a><\/strong><strong>;<\/strong><\/p>\n<p><strong><a href=\"mailto:trafego@oliverarquitetura.com.br\">trafego@oliverarquitetura.com.br<\/a><\/strong><strong>;<\/strong><\/p>\n<p><strong><a href=\"mailto:angela@oliverarquitetura.com.br\">angela@oliverarquitetura.com.br<\/a><\/strong><strong>;<\/strong><\/p>\n<p><strong><a href=\"mailto:ambiental@oliverarquitetura.com.br\">ambiental@oliverarquitetura.com.br<\/a><\/strong><\/p>\n<p><strong>\u00a0<\/strong><strong>Caso n\u00e3o tenha o Adobe Reader click no Link a baixo:<\/strong><\/p>\n<p><strong><a href=\"http:\/\/ardownload.adobe.com\/pub\/adobe\/reader\/win\/7x\/7.0\/ptb\/AdbeRdr70_ptb_full.exe\">http:\/\/ardownload.adobe.com\/pub\/adobe\/reader\/win\/7x\/7.0\/ptb\/AdbeRdr70_ptb_full.exe<\/a><\/strong><\/td>\n<\/tr>\n<\/tbody>\n<\/table>\n","protected":false},"excerpt":{"rendered":"<p>Lei n\u00ba 2.667, de 10 de outubro de 2006 \u2013 Aprovada! Veja mais Propostas para Leis encaminhadas para C\u00e2mara Municipal<\/p>\n","protected":false},"author":1,"featured_media":0,"parent":0,"menu_order":0,"comment_status":"closed","ping_status":"closed","template":"","meta":{"footnotes":""},"class_list":["post-647","page","type-page","status-publish","hentry"],"_links":{"self":[{"href":"https:\/\/www.santaritadopassaquatro.sp.gov.br\/portal\/wp-json\/wp\/v2\/pages\/647","targetHints":{"allow":["GET"]}}],"collection":[{"href":"https:\/\/www.santaritadopassaquatro.sp.gov.br\/portal\/wp-json\/wp\/v2\/pages"}],"about":[{"href":"https:\/\/www.santaritadopassaquatro.sp.gov.br\/portal\/wp-json\/wp\/v2\/types\/page"}],"author":[{"embeddable":true,"href":"https:\/\/www.santaritadopassaquatro.sp.gov.br\/portal\/wp-json\/wp\/v2\/users\/1"}],"replies":[{"embeddable":true,"href":"https:\/\/www.santaritadopassaquatro.sp.gov.br\/portal\/wp-json\/wp\/v2\/comments?post=647"}],"version-history":[{"count":2,"href":"https:\/\/www.santaritadopassaquatro.sp.gov.br\/portal\/wp-json\/wp\/v2\/pages\/647\/revisions"}],"predecessor-version":[{"id":9722,"href":"https:\/\/www.santaritadopassaquatro.sp.gov.br\/portal\/wp-json\/wp\/v2\/pages\/647\/revisions\/9722"}],"wp:attachment":[{"href":"https:\/\/www.santaritadopassaquatro.sp.gov.br\/portal\/wp-json\/wp\/v2\/media?parent=647"}],"curies":[{"name":"wp","href":"https:\/\/api.w.org\/{rel}","templated":true}]}}