{"id":650,"date":"2019-01-28T15:00:06","date_gmt":"2019-01-28T17:00:06","guid":{"rendered":"http:\/\/www.santaritadopassaquatro.sp.gov.br\/portal\/?page_id=650"},"modified":"2025-03-24T17:22:19","modified_gmt":"2025-03-24T20:22:19","slug":"relatorios-financeiros","status":"publish","type":"page","link":"https:\/\/www.santaritadopassaquatro.sp.gov.br\/portal\/relatorios-financeiros\/","title":{"rendered":"Relat\u00f3rios Financeiros"},"content":{"rendered":"<div class=\"titInterna\" style=\"text-align: center;\">Relat\u00f3rios Financeiros<\/div>\n<div class=\"conteudo\">\n<table border=\"0\" width=\"612\">\n<tbody>\n<tr>\n<td>\n<p style=\"text-align: center;\"><img decoding=\"async\" class=\"aligncenter\" src=\"http:\/\/santaritadopassaquatro.sp.gov.br\/relatorios\/Pref6.jpg\" alt=\"\" width=\"64\" height=\"70\" \/><\/p>\n<p style=\"text-align: center;\">P A R E C E R<br \/>\nTRIBUNAL DE CONTAS DO<\/p>\n<p style=\"text-align: center;\">ESTADO DE S\u00c3O PAULO<\/p>\n<p style=\"text-align: center;\">Exerc\u00edcio 2021<\/p>\n<p style=\"text-align: center;\"><a href=\"http:\/\/www.santaritadopassaquatro.sp.gov.br\/portal\/wp-content\/uploads\/2023\/08\/Parecer-Contas-Anuais-PMSRPQ-2021.pdf\" target=\"_blank\" rel=\"noopener\"><img decoding=\"async\" class=\"alignnone\" src=\"http:\/\/santaritadopassaquatro.sp.gov.br\/img\/bt_vejamais.gif\" alt=\"\" width=\"110\" height=\"25\" \/><\/a><\/p>\n<p style=\"text-align: center;\">\n<\/td>\n<td>\n<p style=\"text-align: center;\"><img decoding=\"async\" class=\"aligncenter\" src=\"http:\/\/santaritadopassaquatro.sp.gov.br\/relatorios\/Pref6.jpg\" alt=\"\" width=\"64\" height=\"70\" \/><\/p>\n<p style=\"text-align: center;\">RELAT\u00d3RIO E VOTO<br \/>\nTRIBUNAL DE CONTAS DO<\/p>\n<p style=\"text-align: center;\">ESTADO DE S\u00c3O PAULO<\/p>\n<p style=\"text-align: center;\">Exerc\u00edcio 2021<\/p>\n<p style=\"text-align: center;\"><a href=\"http:\/\/www.santaritadopassaquatro.sp.gov.br\/portal\/wp-content\/uploads\/2023\/08\/Relatorio-e-Voto-Contas-Anuais-PMSRPQ-2021.pdf\" target=\"_blank\" rel=\"noopener\"><img decoding=\"async\" class=\"alignnone\" src=\"http:\/\/santaritadopassaquatro.sp.gov.br\/img\/bt_vejamais.gif\" alt=\"\" width=\"110\" height=\"25\" \/><\/a><a href=\"http:\/\/www.santaritadopassaquatro.sp.gov.br\/portal\/wp-content\/uploads\/2023\/08\/Relatorio-e-Voto-Contas-Anuais-PMSRPQ-2021.pdf\">Relat\u00f3rio e Voto &#8211; Contas Anuais PMSRPQ 2021<\/a><\/p>\n<\/td>\n<td style=\"text-align: center;\"><\/td>\n<\/tr>\n<tr>\n<td><img decoding=\"async\" class=\"aligncenter\" src=\"http:\/\/santaritadopassaquatro.sp.gov.br\/relatorios\/Pref6.jpg\" alt=\"\" width=\"64\" height=\"70\" \/><\/p>\n<p style=\"text-align: center;\">P A R E C E R<br \/>\nTRIBUNAL DE CONTAS DO<\/p>\n<p style=\"text-align: center;\">ESTADO DE S\u00c3O PAULO<\/p>\n<p style=\"text-align: center;\">Exerc\u00edcio 2013<\/p>\n<p style=\"text-align: center;\"><a href=\"http:\/\/santaritadopassaquatro.sp.gov.br\/relatorios\/07061600.PDF?phpMyAdmin=19385d865449847d0eecca2d72e7fdd8\" target=\"_blank\" rel=\"noopener\"><img decoding=\"async\" src=\"http:\/\/santaritadopassaquatro.sp.gov.br\/img\/bt_vejamais.gif\" alt=\"\" width=\"110\" height=\"25\" \/><\/a><\/p>\n<\/td>\n<td><img decoding=\"async\" class=\"aligncenter\" src=\"http:\/\/santaritadopassaquatro.sp.gov.br\/relatorios\/Pref6.jpg\" alt=\"\" width=\"64\" height=\"70\" \/><\/p>\n<p style=\"text-align: center;\">P A R E C E R<br \/>\nTRIBUNAL DE CONTAS DO<\/p>\n<p style=\"text-align: center;\">ESTADO DE S\u00c3O PAULO<\/p>\n<p style=\"text-align: center;\">Exerc\u00edcio 2012<\/p>\n<p style=\"text-align: center;\"><a href=\"http:\/\/santaritadopassaquatro.sp.gov.br\/relatorios\/parecer2012.PDF?phpMyAdmin=19385d865449847d0eecca2d72e7fdd8\" target=\"_blank\" rel=\"noopener\"><img decoding=\"async\" src=\"http:\/\/santaritadopassaquatro.sp.gov.br\/img\/bt_vejamais.gif\" alt=\"\" width=\"110\" height=\"25\" \/><\/a><\/p>\n<\/td>\n<td style=\"text-align: center;\"><img decoding=\"async\" class=\"aligncenter\" src=\"http:\/\/santaritadopassaquatro.sp.gov.br\/relatorios\/Pref6.jpg\" alt=\"\" width=\"64\" height=\"70\" \/><\/p>\n<p>P A R E C E R<br \/>\nTRIBUNAL DE CONTAS<\/p>\n<p>DO ESTADO DE S\u00c3O PAULO<\/p>\n<p>Contas anuais do exerc\u00edcio 2011<\/p>\n<p><a href=\"http:\/\/santaritadopassaquatro.sp.gov.br\/relatorios\/Parecer%20Tribunal%20de%20Contas%202011.PDF?phpMyAdmin=19385d865449847d0eecca2d72e7fdd8\" target=\"_blank\" rel=\"noopener\"><img decoding=\"async\" src=\"http:\/\/santaritadopassaquatro.sp.gov.br\/img\/bt_vejamais.gif\" alt=\"\" width=\"110\" height=\"25\" \/><\/a><\/td>\n<\/tr>\n<tr>\n<td style=\"text-align: center;\"><\/td>\n<td style=\"text-align: center;\"><img decoding=\"async\" src=\"http:\/\/santaritadopassaquatro.sp.gov.br\/relatorios\/Pref6.jpg\" alt=\"\" width=\"64\" height=\"70\" \/><\/p>\n<p>PPA Inicial -Anexos e Tabelas<\/p>\n<p><a href=\"http:\/\/santaritadopassaquatro.sp.gov.br\/relatorios\/PPA%20Inicial%20-Anexos%20e%20Tabelas.zip?phpMyAdmin=19385d865449847d0eecca2d72e7fdd8\" target=\"_blank\" rel=\"noopener\"><img decoding=\"async\" src=\"http:\/\/santaritadopassaquatro.sp.gov.br\/img\/bt_vejamais.gif\" alt=\"\" width=\"110\" height=\"25\" \/><\/a><\/td>\n<td style=\"text-align: center;\"><\/td>\n<\/tr>\n<tr>\n<td><\/td>\n<td><\/td>\n<td><\/td>\n<\/tr>\n<tr>\n<td><\/td>\n<td><\/td>\n<td><\/td>\n<\/tr>\n<tr>\n<td style=\"text-align: center;\"><img decoding=\"async\" src=\"http:\/\/santaritadopassaquatro.sp.gov.br\/relatorios\/Pref6.jpg\" alt=\"\" width=\"64\" height=\"70\" \/><\/p>\n<p>P A R E C E R<br \/>\nTRIBUNAL DE CONTAS<\/p>\n<p>DO ESTADO DE S\u00c3O PAULO<\/p>\n<p>Presta\u00e7\u00e3o de contas da administra\u00e7\u00e3o<\/p>\n<p>financeira, or\u00e7ament\u00e1ria e<\/p>\n<p>patrimonial de Munic\u00edpio.<\/p>\n<p><a href=\"http:\/\/santaritadopassaquatro.sp.gov.br\/relatorios\/Parecer%20Tribunal%20de%20Contas-2010.PDF?phpMyAdmin=19385d865449847d0eecca2d72e7fdd8\" target=\"_blank\" rel=\"noopener\"><img decoding=\"async\" src=\"http:\/\/santaritadopassaquatro.sp.gov.br\/img\/bt_vejamais.gif\" alt=\"\" width=\"110\" height=\"25\" \/><\/a><\/td>\n<td style=\"text-align: center;\"><img decoding=\"async\" src=\"http:\/\/santaritadopassaquatro.sp.gov.br\/relatorios\/Pref6.jpg\" alt=\"\" width=\"64\" height=\"70\" \/><\/p>\n<p>P A R E C E R<br \/>\nTRIBUNAL DE CONTAS<\/p>\n<p>DO ESTADO DE S\u00c3O PAULO<\/p>\n<p>Contas anuais do exerc\u00edcio 2008<\/p>\n<p><a href=\"http:\/\/santaritadopassaquatro.sp.gov.br\/relatorios\/Parecer%201.pdf?phpMyAdmin=19385d865449847d0eecca2d72e7fdd8\" target=\"_blank\" rel=\"noopener\"><img decoding=\"async\" src=\"http:\/\/santaritadopassaquatro.sp.gov.br\/img\/bt_vejamais.gif\" alt=\"\" width=\"110\" height=\"25\" \/><\/a><\/td>\n<td style=\"text-align: center;\"><img decoding=\"async\" src=\"http:\/\/santaritadopassaquatro.sp.gov.br\/relatorios\/Pref6.jpg\" alt=\"\" width=\"64\" height=\"70\" \/><\/p>\n<p>P A R E C E R<br \/>\nTRIBUNAL DE CONTAS<\/p>\n<p>DO ESTADO DE S\u00c3O PAULO<\/p>\n<p>Contas anuais do exerc\u00edcio 2009<\/p>\n<p><a href=\"http:\/\/santaritadopassaquatro.sp.gov.br\/relatorios\/Parecer%202.pdf?phpMyAdmin=19385d865449847d0eecca2d72e7fdd8\" target=\"_blank\" rel=\"noopener\"><img decoding=\"async\" src=\"http:\/\/santaritadopassaquatro.sp.gov.br\/img\/bt_vejamais.gif\" alt=\"\" width=\"110\" height=\"25\" \/><\/a><\/td>\n<\/tr>\n<tr>\n<td><\/td>\n<td><\/td>\n<td><\/td>\n<\/tr>\n<tr>\n<td><\/td>\n<td><\/td>\n<td><\/td>\n<\/tr>\n<tr>\n<td colspan=\"3\">\n<hr \/>\n<\/td>\n<\/tr>\n<tr>\n<td><strong>Relat\u00f3rios Financeiros<\/strong><br \/>\n<img decoding=\"async\" src=\"http:\/\/santaritadopassaquatro.sp.gov.br\/relatorios\/relatorio-graph.jpg\" alt=\"\" width=\"160\" height=\"160\" \/><\/td>\n<td>\n<p style=\"text-align: center;\">\u00a0Ano de Refer\u00eancia<\/p>\n<p style=\"text-align: center;\"><strong><a href=\"http:\/\/www.santaritadopassaquatro.sp.gov.br\/portal\/wp-content\/uploads\/2025\/03\/2025.zip\" target=\"_blank\" rel=\"noopener\">2025<\/a><\/strong><\/p>\n<p style=\"text-align: center;\"><strong><a href=\"http:\/\/www.santaritadopassaquatro.sp.gov.br\/portal\/wp-content\/uploads\/2025\/02\/2024.zip\" target=\"_blank\" rel=\"noopener\">2024<\/a><\/strong><\/p>\n<p style=\"text-align: center;\"><strong><a href=\"http:\/\/www.santaritadopassaquatro.sp.gov.br\/portal\/wp-content\/uploads\/2023\/11\/2023.zip\" target=\"_blank\" rel=\"noopener\">2023<\/a><\/strong><\/p>\n<p style=\"text-align: center;\"><strong><a href=\"http:\/\/www.santaritadopassaquatro.sp.gov.br\/portal\/wp-content\/uploads\/2019\/01\/2022.zip\" target=\"_blank\" rel=\"noopener\">2022<\/a><\/strong><\/p>\n<p style=\"text-align: center;\"><a href=\"http:\/\/www.santaritadopassaquatro.sp.gov.br\/relatorios\/2021.zip\" target=\"_blank\" rel=\"noopener\"><strong>2021<\/strong><\/a><\/p>\n<p style=\"text-align: center;\"><a href=\"http:\/\/www.santaritadopassaquatro.sp.gov.br\/portal\/wp-content\/uploads\/2019\/01\/2020-7.zip\" target=\"_blank\" rel=\"noopener\"><strong>2020<\/strong><\/a><\/p>\n<p style=\"text-align: center;\"><strong><a href=\"http:\/\/www.santaritadopassaquatro.sp.gov.br\/relatorios\/2019.zip\" target=\"_blank\" rel=\"noopener\">2019<\/a><\/strong><\/p>\n<p style=\"text-align: center;\"><strong><a href=\"http:\/\/www.santaritadopassaquatro.sp.gov.br\/relatorios\/2018.zip\" target=\"_blank\" rel=\"noopener\">2018<\/a><\/strong><\/p>\n<p style=\"text-align: center;\"><strong><a href=\"http:\/\/www.santaritadopassaquatro.sp.gov.br\/relatorios\/2017.zip\" target=\"_blank\" rel=\"noopener\">2017<\/a><\/strong><\/p>\n<p style=\"text-align: center;\"><strong><a href=\"http:\/\/santaritadopassaquatro.sp.gov.br\/relatorios\/2016.zip\" target=\"_blank\" rel=\"noopener\">2016<\/a><\/strong><\/p>\n<p style=\"text-align: center;\"><strong><a href=\"http:\/\/santaritadopassaquatro.sp.gov.br\/relatorios\/2015.zip\" target=\"_blank\" rel=\"noopener\">2015<\/a><\/strong><\/p>\n<p style=\"text-align: center;\"><strong><a href=\"http:\/\/santaritadopassaquatro.sp.gov.br\/relatorios\/2014.zip?phpMyAdmin=19385d865449847d0eecca2d72e7fdd8\" target=\"_blank\" rel=\"noopener\">2014<\/a><\/strong><\/p>\n<p style=\"text-align: center;\"><strong><a href=\"http:\/\/santaritadopassaquatro.sp.gov.br\/relatorios\/2013.zip?phpMyAdmin=19385d865449847d0eecca2d72e7fdd8\">2013<\/a><br \/>\n<a href=\"http:\/\/santaritadopassaquatro.sp.gov.br\/relatorios\/2012.zip?phpMyAdmin=19385d865449847d0eecca2d72e7fdd8\" target=\"_blank\" rel=\"noopener\">2012<\/a><br \/>\n<a href=\"http:\/\/santaritadopassaquatro.sp.gov.br\/relatorios\/2011.zip?phpMyAdmin=19385d865449847d0eecca2d72e7fdd8\" target=\"_blank\" rel=\"noopener\">2011<\/a><\/strong><br \/>\n<strong><a href=\"http:\/\/santaritadopassaquatro.sp.gov.br\/relatorios\/2010.zip?phpMyAdmin=19385d865449847d0eecca2d72e7fdd8\" target=\"_blank\" rel=\"noopener\">2010<\/a><br \/>\n<a href=\"http:\/\/santaritadopassaquatro.sp.gov.br\/relatorios\/2009.zip?phpMyAdmin=19385d865449847d0eecca2d72e7fdd8\">2009<\/a><br \/>\n<a href=\"http:\/\/santaritadopassaquatro.sp.gov.br\/relatorios\/2008.zip?phpMyAdmin=19385d865449847d0eecca2d72e7fdd8\" target=\"_blank\" rel=\"noopener\">2008<\/a><\/strong><\/p>\n<p style=\"text-align: center;\"><strong><a href=\"http:\/\/santaritadopassaquatro.sp.gov.br\/relatorios\/2007.zip?phpMyAdmin=19385d865449847d0eecca2d72e7fdd8\" target=\"_blank\" rel=\"noopener\">2007<\/a><br \/>\n<a href=\"http:\/\/santaritadopassaquatro.sp.gov.br\/relatorios\/2006.zip?phpMyAdmin=19385d865449847d0eecca2d72e7fdd8\" target=\"_blank\" rel=\"noopener\">2006<\/a><br \/>\n<a href=\"http:\/\/santaritadopassaquatro.sp.gov.br\/relatorios\/2005.zip?phpMyAdmin=19385d865449847d0eecca2d72e7fdd8\" target=\"_blank\" rel=\"noopener\">2005<\/a><\/strong><\/p>\n<\/td>\n<\/tr>\n<\/tbody>\n<\/table>\n<\/div>\n","protected":false},"excerpt":{"rendered":"<p>Relat\u00f3rios Financeiros P A R E C E R TRIBUNAL DE CONTAS DO ESTADO DE S\u00c3O PAULO Exerc\u00edcio 2021 RELAT\u00d3RIO<\/p>\n","protected":false},"author":1,"featured_media":0,"parent":0,"menu_order":0,"comment_status":"closed","ping_status":"closed","template":"","meta":{"footnotes":""},"class_list":["post-650","page","type-page","status-publish","hentry"],"_links":{"self":[{"href":"https:\/\/www.santaritadopassaquatro.sp.gov.br\/portal\/wp-json\/wp\/v2\/pages\/650","targetHints":{"allow":["GET"]}}],"collection":[{"href":"https:\/\/www.santaritadopassaquatro.sp.gov.br\/portal\/wp-json\/wp\/v2\/pages"}],"about":[{"href":"https:\/\/www.santaritadopassaquatro.sp.gov.br\/portal\/wp-json\/wp\/v2\/types\/page"}],"author":[{"embeddable":true,"href":"https:\/\/www.santaritadopassaquatro.sp.gov.br\/portal\/wp-json\/wp\/v2\/users\/1"}],"replies":[{"embeddable":true,"href":"https:\/\/www.santaritadopassaquatro.sp.gov.br\/portal\/wp-json\/wp\/v2\/comments?post=650"}],"version-history":[{"count":44,"href":"https:\/\/www.santaritadopassaquatro.sp.gov.br\/portal\/wp-json\/wp\/v2\/pages\/650\/revisions"}],"predecessor-version":[{"id":11740,"href":"https:\/\/www.santaritadopassaquatro.sp.gov.br\/portal\/wp-json\/wp\/v2\/pages\/650\/revisions\/11740"}],"wp:attachment":[{"href":"https:\/\/www.santaritadopassaquatro.sp.gov.br\/portal\/wp-json\/wp\/v2\/media?parent=650"}],"curies":[{"name":"wp","href":"https:\/\/api.w.org\/{rel}","templated":true}]}}