{"id":655,"date":"2019-01-28T15:03:24","date_gmt":"2019-01-28T17:03:24","guid":{"rendered":"http:\/\/www.santaritadopassaquatro.sp.gov.br\/portal\/?page_id=655"},"modified":"2019-01-28T15:03:32","modified_gmt":"2019-01-28T17:03:32","slug":"procon","status":"publish","type":"page","link":"https:\/\/www.santaritadopassaquatro.sp.gov.br\/portal\/procon\/","title":{"rendered":"PROCON"},"content":{"rendered":"<div class=\"titInterna\"><\/div>\n<div class=\"conteudo\">\n<p>&nbsp;<\/p>\n<p><img decoding=\"async\" class=\"aligncenter\" src=\"http:\/\/santaritadopassaquatro.sp.gov.br\/procon\/logo.jpg\" alt=\"\" width=\"160\" height=\"160\" \/><\/p>\n<p>O PROCON Santa Rita do Passa Quatro est\u00e1 vinculado \u00e0 Secretaria Municipal de Governo, atrav\u00e9s do Departamento de Defesa do Consumidor, com conv\u00eanio firmado com a Funda\u00e7\u00e3o de Prote\u00e7\u00e3o e Defesa do Consumidor FUNDA\u00c7\u00c3O PROCON SP, da Secretaria da Justi\u00e7a e da Defesa da Cidadania. O \u00f3rg\u00e3o tem por objetivo elaborar e executar\u00a0 a pol\u00edtica de prote\u00e7\u00e3o e defesa dos consumidores do Estado de S\u00e3o Paulo, regulamentada pelo C\u00f3digo de Defesa do Consumidor (Lei n.\u00ba 8.078, de 11 de setembro de 1990).<\/p>\n<p><strong>ENDERE\u00c7O<\/strong><br \/>\nAvenida Severino Meirelles, n\u00ba1230, Centro<br \/>\nSanta Rita do Passa Quatro \u2013 SP \u2013 CEP: 13.670-000<br \/>\nTels.:\u00a0 (19) 3582-5762 \u2013 (19)3582-1287<br \/>\nEmail:\u00a0<a href=\"mailto:procon@santaritadopassaquatro.sp.gov.br\">procon@santaritadopassaquatro.sp.gov.br<\/a><br \/>\nFacebook:\u00a0<a href=\"http:\/\/www.facebook.com\/procon.santarita\" target=\"_blank\" rel=\"noopener\">www.facebook.com\/procon.santarita<\/a><\/p>\n<p>&nbsp;<\/p>\n<p style=\"text-align: center;\"><strong>Atendimento: Segunda \u00e0 Sexta-feira, das 8h00 \u00e0s 11h00 e das 13h00 \u00e0s 17h00\u00a0<\/strong><\/p>\n<p>C\u00d3DIGO DE DEFESA DO CONSUMIDOR<\/p>\n<p>&nbsp;<\/p>\n<p style=\"text-align: center;\"><a href=\"http:\/\/santaritadopassaquatro.sp.gov.br\/procon\/1102099409--cdc.pdf?phpMyAdmin=19385d865449847d0eecca2d72e7fdd8\" target=\"_blank\" rel=\"noopener\"><img decoding=\"async\" src=\"http:\/\/santaritadopassaquatro.sp.gov.br\/procon\/codigo.jpg\" alt=\"\" width=\"184\" height=\"250\" \/><\/a><\/p>\n<p style=\"text-align: center;\">O C\u00f3digo de Defesa do Consumidor define uma nova ordem de prote\u00e7\u00e3o dos direitos sociais, ao refor\u00e7ar a quest\u00e3o da cidadania e reconhecer a vulnerabilidade do consumidor no mercado de consumo.<\/p>\n<p><a href=\"http:\/\/santaritadopassaquatro.sp.gov.br\/procon\/1102099409--cdc.pdf?phpMyAdmin=19385d865449847d0eecca2d72e7fdd8\" target=\"_blank\" rel=\"noopener\"><br \/>\nVeja aqui o C\u00f3digo de Defesa do Consumidor<\/a><\/p>\n<\/div>\n","protected":false},"excerpt":{"rendered":"<p>&nbsp; O PROCON Santa Rita do Passa Quatro est\u00e1 vinculado \u00e0 Secretaria Municipal de Governo, atrav\u00e9s do Departamento de Defesa<\/p>\n","protected":false},"author":1,"featured_media":0,"parent":0,"menu_order":0,"comment_status":"closed","ping_status":"closed","template":"","meta":{"footnotes":""},"class_list":["post-655","page","type-page","status-publish","hentry"],"_links":{"self":[{"href":"https:\/\/www.santaritadopassaquatro.sp.gov.br\/portal\/wp-json\/wp\/v2\/pages\/655","targetHints":{"allow":["GET"]}}],"collection":[{"href":"https:\/\/www.santaritadopassaquatro.sp.gov.br\/portal\/wp-json\/wp\/v2\/pages"}],"about":[{"href":"https:\/\/www.santaritadopassaquatro.sp.gov.br\/portal\/wp-json\/wp\/v2\/types\/page"}],"author":[{"embeddable":true,"href":"https:\/\/www.santaritadopassaquatro.sp.gov.br\/portal\/wp-json\/wp\/v2\/users\/1"}],"replies":[{"embeddable":true,"href":"https:\/\/www.santaritadopassaquatro.sp.gov.br\/portal\/wp-json\/wp\/v2\/comments?post=655"}],"version-history":[{"count":2,"href":"https:\/\/www.santaritadopassaquatro.sp.gov.br\/portal\/wp-json\/wp\/v2\/pages\/655\/revisions"}],"predecessor-version":[{"id":657,"href":"https:\/\/www.santaritadopassaquatro.sp.gov.br\/portal\/wp-json\/wp\/v2\/pages\/655\/revisions\/657"}],"wp:attachment":[{"href":"https:\/\/www.santaritadopassaquatro.sp.gov.br\/portal\/wp-json\/wp\/v2\/media?parent=655"}],"curies":[{"name":"wp","href":"https:\/\/api.w.org\/{rel}","templated":true}]}}