{"id":659,"date":"2019-01-28T15:07:26","date_gmt":"2019-01-28T17:07:26","guid":{"rendered":"http:\/\/www.santaritadopassaquatro.sp.gov.br\/portal\/?page_id=659"},"modified":"2020-09-21T11:22:34","modified_gmt":"2020-09-21T14:22:34","slug":"diversos","status":"publish","type":"page","link":"https:\/\/www.santaritadopassaquatro.sp.gov.br\/portal\/diversos\/","title":{"rendered":"Diversos"},"content":{"rendered":"<p>Clique no link de seu interesse abaixo<\/p>\n<p><a href=\"https:\/\/www.santaritadopassaquatro.sp.gov.br\/portal\/wp-content\/PMSB_SantaRitadoPassaQuatro_ago2014.pdf\" target=\"_blank\" rel=\"noopener\"><img decoding=\"async\" src=\"http:\/\/santaritadopassaquatro.sp.gov.br\/meioambiente\/pro_drop_1\/arrow.gif\" alt=\"\" width=\"4\" height=\"7\" \/>\u00a0<\/a><a href=\"http:\/\/www.santaritadopassaquatro.sp.gov.br\/portal\/wp-content\/uploads\/2019\/01\/CONVITE-AUDI\u00caNCIA-P\u00daBLICA-LOA-2021-OR\u00c7AMENTO.pdf\" target=\"_blank\" rel=\"noopener\">CONVITE AUDI\u00caNCIA P\u00daBLICA LOA 2021-OR\u00c7AMENTO<\/a><\/p>\n<p><a href=\"https:\/\/www.santaritadopassaquatro.sp.gov.br\/portal\/wp-content\/PMSB_SantaRitadoPassaQuatro_ago2014.pdf\" target=\"_blank\" rel=\"noopener\"><img decoding=\"async\" src=\"http:\/\/santaritadopassaquatro.sp.gov.br\/meioambiente\/pro_drop_1\/arrow.gif\" alt=\"\" width=\"4\" height=\"7\" \/>\u00a0<\/a><a href=\"http:\/\/www.santaritadopassaquatro.sp.gov.br\/portal\/wp-content\/uploads\/2019\/01\/CONVITE-AUDIENCIA-METAS-FISCAIS-2019-1.pdf\" target=\"_blank\" rel=\"noopener\">CONVITE AUDI\u00caNCIA METAS FISCAIS 2019<\/a><\/p>\n<p><a href=\"https:\/\/www.santaritadopassaquatro.sp.gov.br\/portal\/wp-content\/PMSB_SantaRitadoPassaQuatro_ago2014.pdf\" target=\"_blank\" rel=\"noopener\"><img decoding=\"async\" src=\"http:\/\/santaritadopassaquatro.sp.gov.br\/meioambiente\/pro_drop_1\/arrow.gif\" alt=\"\" width=\"4\" height=\"7\" \/>\u00a0<\/a><a href=\"http:\/\/www.santaritadopassaquatro.sp.gov.br\/portal\/wp-content\/uploads\/2019\/01\/extrato-convenio.pdf\" target=\"_blank\" rel=\"noopener\"><span class=\"fontstyle0\">EXTRATO DE TERMO DE CONV\u00caNIO<\/span><\/a><\/p>\n<p><a href=\"https:\/\/www.santaritadopassaquatro.sp.gov.br\/portal\/wp-content\/PMSB_SantaRitadoPassaQuatro_ago2014.pdf\" target=\"_blank\" rel=\"noopener\"><img decoding=\"async\" src=\"http:\/\/santaritadopassaquatro.sp.gov.br\/meioambiente\/pro_drop_1\/arrow.gif\" alt=\"\" width=\"4\" height=\"7\" \/>\u00a0<\/a><a href=\"http:\/\/www.santaritadopassaquatro.sp.gov.br\/portal\/wp-content\/uploads\/2019\/01\/EDITAL-LIMPEZA-DE-TERRENOS-2019.pdf\" target=\"_blank\" rel=\"noopener\">EDITAL LIMPEZA DE TERRENOS 2019<\/a><\/p>\n<p><a href=\"https:\/\/www.santaritadopassaquatro.sp.gov.br\/portal\/wp-content\/PMSB_SantaRitadoPassaQuatro_ago2014.pdf\" target=\"_blank\" rel=\"noopener\"><img decoding=\"async\" src=\"http:\/\/santaritadopassaquatro.sp.gov.br\/meioambiente\/pro_drop_1\/arrow.gif\" alt=\"\" width=\"4\" height=\"7\" \/>\u00a0PLANO MUNICIPAL DE SANEAMENTO B\u00c1SICO<\/a><\/p>\n<p><a href=\"http:\/\/www.santaritadopassaquatro.sp.gov.br\/portal\/wp-content\/uploads\/2019\/01\/Convite-Aud.-P\u00fablica-LOA-2019.pdf\" target=\"_blank\" rel=\"noopener\"><img decoding=\"async\" src=\"http:\/\/santaritadopassaquatro.sp.gov.br\/meioambiente\/pro_drop_1\/arrow.gif\" alt=\"\" width=\"4\" height=\"7\" \/> CONVITE AUDIENCIA P\u00daBLICA LOA 2019<\/a><\/p>\n<p><a href=\"http:\/\/www.santaritadopassaquatro.sp.gov.br\/portal\/wp-content\/uploads\/2019\/01\/CONVITE-AUDIENCIA-METAS-FISCAIS-2019.pdf\"><img decoding=\"async\" src=\"http:\/\/santaritadopassaquatro.sp.gov.br\/meioambiente\/pro_drop_1\/arrow.gif\" alt=\"\" width=\"4\" height=\"7\" \/> CONVITE AUDIENCIA METAS FISCAIS 2019<\/a><\/p>\n<p><a href=\"http:\/\/www.santaritadopassaquatro.sp.gov.br\/portal\/wp-content\/uploads\/2019\/01\/CONVITE-AUDIENCIA-PUBLICA-LOA-2020.pdf\"><img decoding=\"async\" src=\"http:\/\/santaritadopassaquatro.sp.gov.br\/meioambiente\/pro_drop_1\/arrow.gif\" alt=\"\" width=\"4\" height=\"7\" \/> CONVITE AUDIENCIA PUBLICA LOA 2020<\/a><\/p>\n<p><a href=\"http:\/\/www.santaritadopassaquatro.sp.gov.br\/portal\/wp-content\/uploads\/2019\/01\/CONVITE-AUDIENCIA-PUBLICA-SAUDE.pdf\"><img decoding=\"async\" src=\"http:\/\/santaritadopassaquatro.sp.gov.br\/meioambiente\/pro_drop_1\/arrow.gif\" alt=\"\" width=\"4\" height=\"7\" \/> CONVITE AUDIENCIA PUBLICA SAUDE<\/a><\/p>\n<p><img decoding=\"async\" src=\"http:\/\/santaritadopassaquatro.sp.gov.br\/meioambiente\/pro_drop_1\/arrow.gif\" alt=\"\" width=\"4\" height=\"7\" \/><a href=\"http:\/\/santaritadopassaquatro.sp.gov.br\/diversos\/CONVITE AUDIENCIA PUBLICA-LDO 2020 .pdf\" target=\"_blank\" rel=\"noopener\">\u00a0 \u00a0\u00a0 CONVITE AUDIENCIA PUBLICA-LDO 2020<\/a><\/p>\n<p><img decoding=\"async\" src=\"http:\/\/santaritadopassaquatro.sp.gov.br\/meioambiente\/pro_drop_1\/arrow.gif\" alt=\"\" width=\"4\" height=\"7\" \/><a href=\"http:\/\/www.santaritadopassaquatro.sp.gov.br\/portal\/agricultura\/\">\u00a0 \u00a0 \u00a0Agricultura<\/a><\/p>\n<p><img decoding=\"async\" src=\"http:\/\/santaritadopassaquatro.sp.gov.br\/meioambiente\/pro_drop_1\/arrow.gif\" alt=\"\" width=\"4\" height=\"7\" \/><a href=\"http:\/\/santaritadopassaquatro.sp.gov.br\/audiencia\/CONVITE%20AUDIENCIA%20PUBLICA-LOA%202018.pdf\">\u00a0 \u00a0\u00a0 Audi\u00eancia P\u00fablica CONVITE LOA 2018<\/a><\/p>\n<p><img decoding=\"async\" src=\"https:\/\/www.santaritadopassaquatro.sp.gov.br\/meioambiente\/pro_drop_1\/arrow.gif\" alt=\"\" width=\"4\" height=\"7\" \/><a href=\"https:\/\/www.santaritadopassaquatro.sp.gov.br\/site\/index.php?p=materias_ver&amp;id=2169\">\u00a0 \u00a0\u00a0 Audi\u00eancia P\u00fablica SA\u00daDE 2019<\/a><\/p>\n<p><img decoding=\"async\" src=\"http:\/\/santaritadopassaquatro.sp.gov.br\/meioambiente\/pro_drop_1\/arrow.gif\" alt=\"\" width=\"4\" height=\"7\" \/><a href=\"http:\/\/santaritadopassaquatro.sp.gov.br\/audiencia\/audiencia_publica_sa%C3%BAde.pdf\">\u00a0 \u00a0\u00a0 Audi\u00eancia P\u00fablica SA\u00daDE<\/a><\/p>\n<p><img decoding=\"async\" src=\"http:\/\/santaritadopassaquatro.sp.gov.br\/meioambiente\/pro_drop_1\/arrow.gif\" alt=\"\" width=\"4\" height=\"7\" \/><a href=\"http:\/\/santaritadopassaquatro.sp.gov.br\/258_15_Prefeitura_17JUN15_audiencia_publica_consulta.pdf?phpMyAdmin=19385d865449847d0eecca2d72e7fdd8\" target=\"_blank\" rel=\"noopener\">\u00a0 \u00a0 \u00a0Aviso de Audi\u00eancia P\u00fablica<\/a><\/p>\n<p><img decoding=\"async\" src=\"http:\/\/santaritadopassaquatro.sp.gov.br\/meioambiente\/pro_drop_1\/arrow.gif\" alt=\"\" width=\"4\" height=\"7\" \/><a href=\"http:\/\/santaritadopassaquatro.sp.gov.br\/diversos\/aviso_de_licitacao.pdf\" target=\"_blank\" rel=\"noopener\">\u00a0 \u00a0 \u00a0Aviso de Licita\u00e7\u00e3o<\/a><\/p>\n<p><img decoding=\"async\" src=\"http:\/\/santaritadopassaquatro.sp.gov.br\/meioambiente\/pro_drop_1\/arrow.gif\" alt=\"\" width=\"4\" height=\"7\" \/><a href=\"http:\/\/cmdca.santaritadopassaquatro.sp.gov.br\/\" target=\"_blank\" rel=\"noopener\">\u00a0 \u00a0 \u00a0CMDCA<\/a><\/p>\n<p><a href=\"http:\/\/200.204.245.148:5656\/SCPIWebCotacao\/\" target=\"_blank\" rel=\"noopener\"><img decoding=\"async\" src=\"http:\/\/santaritadopassaquatro.sp.gov.br\/meioambiente\/pro_drop_1\/arrow.gif\" alt=\"\" width=\"4\" height=\"7\" \/>\u00a0\u00a0\u00a0\u00a0 Cota\u00e7\u00e3o de Pre\u00e7os<\/a><\/p>\n<p><a href=\"http:\/\/www.camarasantarita.sp.gov.br\/\" target=\"_blank\" rel=\"noopener\"><img decoding=\"async\" src=\"http:\/\/santaritadopassaquatro.sp.gov.br\/meioambiente\/pro_drop_1\/arrow.gif\" alt=\"\" width=\"4\" height=\"7\" \/>\u00a0\u00a0\u00a0\u00a0 C\u00e2mara Municipal<\/a><\/p>\n<p><a href=\"http:\/\/santaritadopassaquatro.sp.gov.br\/Comunicado%20aos%20admitidos%20processo%20seletivo%20-%20despacho%20TCE.pdf\" target=\"_blank\" rel=\"noopener\"><img decoding=\"async\" src=\"http:\/\/santaritadopassaquatro.sp.gov.br\/meioambiente\/pro_drop_1\/arrow.gif\" alt=\"\" width=\"4\" height=\"7\" \/>\u00a0\u00a0\u00a0\u00a0 Comunicado<\/a><\/p>\n<p><a href=\"http:\/\/santaritadopassaquatro.sp.gov.br\/dispensa%20de%20licitacao.pdf\" target=\"_blank\" rel=\"noopener\"><img decoding=\"async\" src=\"http:\/\/santaritadopassaquatro.sp.gov.br\/meioambiente\/pro_drop_1\/arrow.gif\" alt=\"\" width=\"4\" height=\"7\" \/>\u00a0\u00a0\u00a0\u00a0 DISPENSA DE LICITA\u00c7\u00c3O<\/a><\/p>\n<p><a href=\"http:\/\/www.santaritadopassaquatro.sp.gov.br\/portal\/meio-ambiente\/\"><img decoding=\"async\" src=\"http:\/\/santaritadopassaquatro.sp.gov.br\/meioambiente\/pro_drop_1\/arrow.gif\" alt=\"\" width=\"4\" height=\"7\" \/>\u00a0\u00a0\u00a0 \u00a0Meio Ambiente<\/a><\/p>\n<p><a href=\"http:\/\/www.santaritadopassaquatro.sp.gov.br\/portal\/notificacoes\/\"><img decoding=\"async\" src=\"http:\/\/santaritadopassaquatro.sp.gov.br\/meioambiente\/pro_drop_1\/arrow.gif\" alt=\"\" width=\"4\" height=\"7\" \/>\u00a0\u00a0\u00a0\u00a0 NOTIFICA\u00c7\u00d5ES<\/a><\/p>\n<p>&nbsp;<\/p>\n","protected":false},"excerpt":{"rendered":"<p>Clique no link de seu interesse abaixo \u00a0CONVITE AUDI\u00caNCIA P\u00daBLICA LOA 2021-OR\u00c7AMENTO \u00a0CONVITE AUDI\u00caNCIA METAS FISCAIS 2019 \u00a0EXTRATO DE TERMO<\/p>\n","protected":false},"author":1,"featured_media":0,"parent":0,"menu_order":0,"comment_status":"closed","ping_status":"closed","template":"","meta":{"footnotes":""},"class_list":["post-659","page","type-page","status-publish","hentry"],"_links":{"self":[{"href":"https:\/\/www.santaritadopassaquatro.sp.gov.br\/portal\/wp-json\/wp\/v2\/pages\/659","targetHints":{"allow":["GET"]}}],"collection":[{"href":"https:\/\/www.santaritadopassaquatro.sp.gov.br\/portal\/wp-json\/wp\/v2\/pages"}],"about":[{"href":"https:\/\/www.santaritadopassaquatro.sp.gov.br\/portal\/wp-json\/wp\/v2\/types\/page"}],"author":[{"embeddable":true,"href":"https:\/\/www.santaritadopassaquatro.sp.gov.br\/portal\/wp-json\/wp\/v2\/users\/1"}],"replies":[{"embeddable":true,"href":"https:\/\/www.santaritadopassaquatro.sp.gov.br\/portal\/wp-json\/wp\/v2\/comments?post=659"}],"version-history":[{"count":16,"href":"https:\/\/www.santaritadopassaquatro.sp.gov.br\/portal\/wp-json\/wp\/v2\/pages\/659\/revisions"}],"predecessor-version":[{"id":4178,"href":"https:\/\/www.santaritadopassaquatro.sp.gov.br\/portal\/wp-json\/wp\/v2\/pages\/659\/revisions\/4178"}],"wp:attachment":[{"href":"https:\/\/www.santaritadopassaquatro.sp.gov.br\/portal\/wp-json\/wp\/v2\/media?parent=659"}],"curies":[{"name":"wp","href":"https:\/\/api.w.org\/{rel}","templated":true}]}}