{"id":9723,"date":"2023-12-19T16:26:35","date_gmt":"2023-12-19T19:26:35","guid":{"rendered":"https:\/\/www.santaritadopassaquatro.sp.gov.br\/portal\/?page_id=9723"},"modified":"2025-08-01T17:20:36","modified_gmt":"2025-08-01T20:20:36","slug":"tecnologia-da-informacao","status":"publish","type":"page","link":"https:\/\/www.santaritadopassaquatro.sp.gov.br\/portal\/tecnologia-da-informacao\/","title":{"rendered":"Tecnologia da Informa\u00e7\u00e3o"},"content":{"rendered":"\n<figure class=\"wp-block-image size-full\"><img decoding=\"async\" width=\"1920\" height=\"576\" src=\"https:\/\/www.santaritadopassaquatro.sp.gov.br\/portal\/wp-content\/uploads\/2023\/12\/internet-ilustracao-em-.jpg\" alt=\"\" class=\"wp-image-9725\"\/><\/figure>\n\n\n\n<p>O <strong>Centro de Processamento de Dados<\/strong> \u00e9 respons\u00e1vel pelo gerenciamento, an\u00e1lise, monitoramento e controle de todas as atividades e solu\u00e7\u00f5es providas por meio dos recursos de TI que viabilizam a produ\u00e7\u00e3o, armazenamento, transmiss\u00e3o, acesso e seguran\u00e7a no uso das informa\u00e7\u00f5es.<\/p>\n\n\n\n<p><\/p>\n\n\n\n<hr class=\"wp-block-separator has-alpha-channel-opacity\"\/>\n\n\n\n<ul class=\"wp-block-list\">\n<li><strong><a href=\"https:\/\/www.santaritadopassaquatro.sp.gov.br\/portal\/wp-content\/uploads\/2025\/08\/PDTI-2023-2027_03.pdf\" target=\"_blank\" rel=\"noreferrer noopener\">Plano Diretor de Tecnologia da Informa\u00e7\u00e3o<\/a><\/strong><\/li>\n<\/ul>\n\n\n\n<ul class=\"wp-block-list\">\n<li><strong><a href=\"http:\/\/www.santaritadopassaquatro.sp.gov.br\/portal\/wp-content\/uploads\/2024\/01\/PCS-TI.pdf\" target=\"_blank\" rel=\"noreferrer noopener\">Plano de Continuidade dos Servi\u00e7os de Tecnologia da Informa\u00e7\u00e3o<\/a><\/strong><\/li>\n<\/ul>\n\n\n\n<ul class=\"wp-block-list\">\n<li><strong><a href=\"https:\/\/www.santaritadopassaquatro.sp.gov.br\/portal\/wp-content\/uploads\/2025\/08\/Politica-de-Seguranca-da-Informacao_02.pdf\" target=\"_blank\" rel=\"noreferrer noopener\">Pol\u00edticas de Seguran\u00e7a da Informa\u00e7\u00e3o<\/a><\/strong><\/li>\n<\/ul>\n\n\n\n<p><\/p>\n\n\n\n<ul class=\"wp-block-list\">\n<li><strong><a rel=\"noreferrer noopener\" href=\"http:\/\/www.santaritadopassaquatro.sp.gov.br\/portal\/wp-content\/uploads\/2023\/12\/PSI-TERMO-DE-RESPONSABILIDADE.pdf\" target=\"_blank\">Termo de Responsabilidade \u2013 Pol\u00edticas de Seguran\u00e7a da Informa\u00e7\u00e3o<\/a><\/strong><\/li>\n<\/ul>\n\n\n\n<p><\/p>\n\n\n\n<ul class=\"wp-block-list\">\n<li><a rel=\"noreferrer noopener\" href=\"http:\/\/www.santaritadopassaquatro.sp.gov.br\/portal\/wp-content\/uploads\/2025\/06\/Principios-da-LGPD-1.pdf\" target=\"_blank\"><strong>Lei Geral de Prote\u00e7\u00e3o de Dados Pessoais \u2013 LGPD<\/strong><\/a><\/li>\n<\/ul>\n","protected":false},"excerpt":{"rendered":"<p>O Centro de Processamento de Dados \u00e9 respons\u00e1vel pelo gerenciamento, an\u00e1lise, monitoramento e controle de todas as atividades e solu\u00e7\u00f5es<\/p>\n","protected":false},"author":1,"featured_media":0,"parent":0,"menu_order":0,"comment_status":"closed","ping_status":"closed","template":"","meta":{"footnotes":""},"class_list":["post-9723","page","type-page","status-publish","hentry"],"_links":{"self":[{"href":"https:\/\/www.santaritadopassaquatro.sp.gov.br\/portal\/wp-json\/wp\/v2\/pages\/9723","targetHints":{"allow":["GET"]}}],"collection":[{"href":"https:\/\/www.santaritadopassaquatro.sp.gov.br\/portal\/wp-json\/wp\/v2\/pages"}],"about":[{"href":"https:\/\/www.santaritadopassaquatro.sp.gov.br\/portal\/wp-json\/wp\/v2\/types\/page"}],"author":[{"embeddable":true,"href":"https:\/\/www.santaritadopassaquatro.sp.gov.br\/portal\/wp-json\/wp\/v2\/users\/1"}],"replies":[{"embeddable":true,"href":"https:\/\/www.santaritadopassaquatro.sp.gov.br\/portal\/wp-json\/wp\/v2\/comments?post=9723"}],"version-history":[{"count":20,"href":"https:\/\/www.santaritadopassaquatro.sp.gov.br\/portal\/wp-json\/wp\/v2\/pages\/9723\/revisions"}],"predecessor-version":[{"id":12843,"href":"https:\/\/www.santaritadopassaquatro.sp.gov.br\/portal\/wp-json\/wp\/v2\/pages\/9723\/revisions\/12843"}],"wp:attachment":[{"href":"https:\/\/www.santaritadopassaquatro.sp.gov.br\/portal\/wp-json\/wp\/v2\/media?parent=9723"}],"curies":[{"name":"wp","href":"https:\/\/api.w.org\/{rel}","templated":true}]}}